{"id":26257,"date":"2023-06-17T20:56:30","date_gmt":"2023-06-17T18:56:30","guid":{"rendered":"https:\/\/www.europeanauthentictaste.eu\/?page_id=26257"},"modified":"2024-09-11T21:49:30","modified_gmt":"2024-09-11T19:49:30","slug":"ricette-degli-chef","status":"publish","type":"page","link":"https:\/\/www.europeanauthentictaste.eu\/it\/ricette-degli-chef\/","title":{"rendered":"RICETTE DEGLI CHEF"},"content":{"rendered":"<div class=\"wpb-content-wrapper\"><section data-vc-full-width=\"true\" data-vc-full-width-init=\"false\" class=\"vc_row wpb_row vc_row-fluid  vc_custom_1637677673385 pofo-stretch-content pofo-stretch-row-container pofo-row-responsive-680ff38090e3e\"><div class=\"wpb_column vc_column_container vc_col-sm-12  col-xs-mobile-fullwidth pofo-column-responsive-680ff38090f43\"><div class=\"vc_column-inner \"><div class=\"wpb_wrapper\"><div class=\"text-justify last-paragraph-no-margin\"><p>Dal\u00a0<strong>26 Giugno al 16 luglio 2023,<\/strong>\u00a0potrete assaggiare gli straordinari prodotti del progetto elaborati in piatti unici creati dagli \u201cAmbasciatori del Gusto\u201d. 10 ristoranti in tutta Italia vi aspettano per la terza edizione delle restaurant week, con tanti gadget esclusivi firmati\u00a0<strong>Let\u2019s Eat!<\/strong><\/p>\n<p><em><strong>La foodie bag<\/strong><\/em><\/p>\n<p>I clienti dei ristoranti aderenti riceveranno\u00a0<strong>in omaggio per tutta la promozione<\/strong>\u00a0la gustosa\u00a0<strong>foodie bag del progetto<\/strong>. Una box in materiale ecologico contenente alcuni dei prodotti protagonisti della campagna, un energico mix di salumi e frutta, e del materiale informativo. Un modo gradito e appetitoso per\u00a0<strong>entrare nel mondo di Let\u2019s Eat!<\/strong><\/p>\n<p><em><strong>L\u2019Album Panini<\/strong><\/em><\/p>\n<p>Scegliendo le ricette di Let\u2019s Eat si ricever\u00e0\u00a0<strong>in regalo l\u2019esclusivo Album\u00a0<\/strong>realizzato da Panini con protagonisti i\u00a0<a href=\"https:\/\/www.europeanauthentictaste.eu\/it\/brand-ambassadors\/\"><strong>4 Ambassador del progetto<\/strong><\/a>. L\u2019album \u00e8 un oggetto iconico per conoscere pi\u00f9 da vicino i nostri 4 testimonial e approfondire con loro i valori di alta qualit\u00e0, autenticit\u00e0, tipicit\u00e0, freschezza ed energia che caratterizzano la frutta e i salumi europei.<\/p>\n<p><em><strong>Gli Ambasciatori del Gusto<\/strong><\/em><\/p>\n<p>Tutti i ristoranti aderenti appartengono\u00a0<strong>all\u2019Associazione\u00a0<\/strong><a href=\"https:\/\/www.ambasciatoridelgusto.it\/\" target=\"_blank\" rel=\"noopener\"><strong>Ambasciatori del Gusto<\/strong><\/a>, espressione dell\u2019eccellenza della ristorazione che unisce cuochi, ristoratori, pizzaioli, sommelier e personale di sala che attraverso il proprio mestiere si sono distinti nella valorizzazione del nostro patrimonio agroalimentare ed enogastronomico.<\/p>\n<\/div><\/div><\/div><\/div><\/section><div class=\"vc_row-full-width vc_clearfix\"><\/div><section data-vc-full-width=\"true\" data-vc-full-width-init=\"false\" class=\"vc_row wpb_row vc_row-fluid  vc_custom_1669381607384 wow fadeIn pofo-stretch-content pofo-stretch-row-container\"><div class=\"wpb_column vc_column_container vc_col-sm-12  col-xs-mobile-fullwidth\"><div class=\"vc_column-inner \"><div class=\"wpb_wrapper\"><div class=\"vc_row wpb_row vc_inner vc_row-fluid\"><div class=\"wpb_column vc_column_container vc_col-sm-1 vc_col-md-3 vc_hidden-xs col-xs-mobile-fullwidth\"><div class=\"vc_column-inner \"><div class=\"wpb_wrapper\"><\/div><\/div><\/div><div class=\"wpb_column vc_column_container vc_col-sm-10 vc_col-md-6 col-xs-mobile-fullwidth text-center\"><div class=\"vc_column-inner \"><div class=\"wpb_wrapper\"><h2 class=\"margin-100px-bottom xs-margin-40px-bottom font-weight-600 text-extra-large margin-50px-bottom display-inline-block alt-font text-extra-small text-outside-line text-uppercase heading-style5  vc_custom_1726084169825  heading-1\"  style=\"font-size: 30px; font-weight: 700;\" data-fontsize=\"30px\">RICETTE 2023<\/h2><\/div><\/div><\/div><div class=\"wpb_column vc_column_container vc_col-sm-1 vc_col-md-3 vc_hidden-xs col-xs-mobile-fullwidth\"><div class=\"vc_column-inner \"><div class=\"wpb_wrapper\"><\/div><\/div><\/div><\/div><\/div><\/div><\/div><\/section><div class=\"vc_row-full-width vc_clearfix\"><\/div><section class=\"vc_row wpb_row vc_row-fluid ricetta-list vc_custom_1637682359131\"><div class=\"wpb_column vc_column_container vc_col-sm-4  col-xs-mobile-fullwidth\"><div class=\"vc_column-inner \"><div class=\"wpb_wrapper\">[vc_single_image image=&#8221;26287&#8243; img_size=&#8221;large&#8221; onclick=&#8221;custom_link&#8221; link=&#8221;https:\/\/www.europeanauthentictaste.eu\/it\/dalla-nebbia-alle-alpi\/&#8221;][vc_empty_space height=&#8221;10px&#8221;]<\/div><\/div><\/div><div class=\"wpb_column vc_column_container vc_col-sm-8  col-xs-mobile-fullwidth\"><div class=\"vc_column-inner \"><div class=\"wpb_wrapper\"><div class=\"last-paragraph-no-margin\"><p><a class=\"text-extra-dark-gray margin-20px-bottom alt-font text-extra-large font-weight-600 display-inline-block entry-title\" href=\"https:\/\/www.europeanauthentictaste.eu\/it\/dalla-nebbia-alle-alpi\/\">DALLA NEBBIA ALLE ALPI<\/a><\/p>\n<h5 class=\"alt-font text-large\"><strong>Chef Alessandro Bellingeri<\/strong><\/h5>\n<h6 class=\"alt-font text-medium\"><strong>Osteria Acquarol<\/strong><br \/>\nVia Johann Georg Plazer 10, San Michele (BZ)<\/h6>\n<\/div><a  href=\"https:\/\/www.europeanauthentictaste.eu\/it\/dalla-nebbia-alle-alpi\/\" target=\"_self\" class=\"btn pofo-button-1 button-style1  btn-dark-gray  btn-medium \" >LEGGI TUTTO<\/a><\/div><\/div><\/div><\/section><section class=\"vc_row wpb_row vc_row-fluid ricetta-list vc_custom_1637682359131\"><div class=\"wpb_column vc_column_container vc_col-sm-4  col-xs-mobile-fullwidth\"><div class=\"vc_column-inner \"><div class=\"wpb_wrapper\">[vc_single_image image=&#8221;26305&#8243; img_size=&#8221;large&#8221; onclick=&#8221;custom_link&#8221; link=&#8221;https:\/\/www.europeanauthentictaste.eu\/it\/maccarello-scottato-insalata-di-cipolle-e-ciliegie-marinate-coppa-affumicata-all-alloro\/&#8221;][vc_empty_space height=&#8221;10px&#8221;]<\/div><\/div><\/div><div class=\"wpb_column vc_column_container vc_col-sm-8  col-xs-mobile-fullwidth\"><div class=\"vc_column-inner \"><div class=\"wpb_wrapper\"><div class=\"last-paragraph-no-margin\"><p><a class=\"text-extra-dark-gray margin-20px-bottom alt-font text-extra-large font-weight-600 display-inline-block entry-title\" href=\"https:\/\/www.europeanauthentictaste.eu\/it\/maccarello-scottato-insalata-di-cipolle-e-ciliegie-marinate-coppa-affumicata-all-alloro\/\">MACCARELLO SCOTTATO, INSALATA DI CIPOLLE E CILIEGIE MARINATE, COPPA AFFUMICATA ALL&#8217;ALLORO<\/a><\/p>\n<h5 class=\"alt-font text-large\"><strong>Chef Davide Del Duca<\/strong><\/h5>\n<h6 class=\"alt-font text-medium\"><strong>Bianca Trattoria<\/strong><br \/>\nCirconvallazione Trionfale 96, Roma<\/h6>\n<\/div><a  href=\"https:\/\/www.europeanauthentictaste.eu\/it\/maccarello-scottato-insalata-di-cipolle-e-ciliegie-marinate-coppa-affumicata-all-alloro\/\" target=\"_self\" class=\"btn pofo-button-2 button-style1  btn-dark-gray  btn-medium \" >LEGGI TUTTO<\/a><\/div><\/div><\/div><\/section><section class=\"vc_row wpb_row vc_row-fluid ricetta-list vc_custom_1637682359131\"><div class=\"wpb_column vc_column_container vc_col-sm-4  col-xs-mobile-fullwidth\"><div class=\"vc_column-inner \"><div class=\"wpb_wrapper\">[vc_single_image image=&#8221;26330&#8243; img_size=&#8221;large&#8221; onclick=&#8221;custom_link&#8221; link=&#8221;https:\/\/www.europeanauthentictaste.eu\/it\/rosso-cardinale\/&#8221;][vc_empty_space height=&#8221;10px&#8221;]<\/div><\/div><\/div><div class=\"wpb_column vc_column_container vc_col-sm-8  col-xs-mobile-fullwidth\"><div class=\"vc_column-inner \"><div class=\"wpb_wrapper\"><div class=\"last-paragraph-no-margin\"><p><a class=\"text-extra-dark-gray margin-20px-bottom alt-font text-extra-large font-weight-600 display-inline-block entry-title\" href=\"https:\/\/www.europeanauthentictaste.eu\/it\/rosso-cardinale\/\">ROSSO CARDINALE<\/a><\/p>\n<h5 class=\"alt-font text-large\"><strong>Chef Federico Ferrari<\/strong><\/h5>\n<h6 class=\"alt-font text-medium\"><strong>Mirepu\u00e0 Food Lab<\/strong><br \/>\nVia Umberto I 69, Cremolino (AL)<\/h6>\n<\/div><a  href=\"https:\/\/www.europeanauthentictaste.eu\/it\/rosso-cardinale\/\" target=\"_self\" class=\"btn pofo-button-3 button-style1  btn-dark-gray  btn-medium \" >LEGGI TUTTO<\/a><\/div><\/div><\/div><\/section><section class=\"vc_row wpb_row vc_row-fluid ricetta-list vc_custom_1637682359131\"><div class=\"wpb_column vc_column_container vc_col-sm-4  col-xs-mobile-fullwidth\"><div class=\"vc_column-inner \"><div class=\"wpb_wrapper\">[vc_single_image image=&#8221;26351&#8243; img_size=&#8221;large&#8221; onclick=&#8221;custom_link&#8221; link=&#8221;https:\/\/www.europeanauthentictaste.eu\/it\/mem-mela-e-mortadella\/&#8221;][vc_empty_space height=&#8221;10px&#8221;]<\/div><\/div><\/div><div class=\"wpb_column vc_column_container vc_col-sm-8  col-xs-mobile-fullwidth\"><div class=\"vc_column-inner \"><div class=\"wpb_wrapper\"><div class=\"last-paragraph-no-margin\"><p><a class=\"text-extra-dark-gray margin-20px-bottom alt-font text-extra-large font-weight-600 display-inline-block entry-title\" href=\"https:\/\/www.europeanauthentictaste.eu\/it\/mem-mela-e-mortadella\/\">M&amp;M &#8211; MELA E MORTADELLA<\/a><\/p>\n<h5 class=\"alt-font text-large\"><strong>Chef Giacomo Devoto<\/strong><\/h5>\n<h6 class=\"alt-font text-medium\"><strong>FUIN Cucina &amp; Bottega<\/strong><br \/>\nPiazza Giacomo Matteotti 5, Sarzana (SP)<\/h6>\n<\/div><a  href=\"https:\/\/www.europeanauthentictaste.eu\/it\/mem-mela-e-mortadella\/\" target=\"_self\" class=\"btn pofo-button-4 button-style1  btn-dark-gray  btn-medium \" >LEGGI TUTTO<\/a><\/div><\/div><\/div><\/section><section class=\"vc_row wpb_row vc_row-fluid ricetta-list vc_custom_1637682359131\"><div class=\"wpb_column vc_column_container vc_col-sm-4  col-xs-mobile-fullwidth\"><div class=\"vc_column-inner \"><div class=\"wpb_wrapper\">[vc_single_image image=&#8221;26464&#8243; img_size=&#8221;large&#8221; onclick=&#8221;custom_link&#8221; link=&#8221;https:\/\/www.europeanauthentictaste.eu\/it\/croque-marula\/&#8221;][vc_empty_space height=&#8221;10px&#8221;]<\/div><\/div><\/div><div class=\"wpb_column vc_column_container vc_col-sm-8  col-xs-mobile-fullwidth\"><div class=\"vc_column-inner \"><div class=\"wpb_wrapper\"><div class=\"last-paragraph-no-margin\"><p><a class=\"text-extra-dark-gray margin-20px-bottom alt-font text-extra-large font-weight-600 display-inline-block entry-title\" href=\"https:\/\/www.europeanauthentictaste.eu\/it\/croque-marula\/\">CROQUE MARULA<\/a><\/p>\n<h5 class=\"alt-font text-large\"><strong>Chef Giovanni Peggi<\/strong><\/h5>\n<h6 class=\"alt-font text-medium\"><strong>Marula<\/strong><br \/>\nViale Italia 205, Follonica (GR)<\/h6>\n<\/div><a  href=\"https:\/\/www.europeanauthentictaste.eu\/it\/croque-marula\/\" target=\"_self\" class=\"btn pofo-button-5 button-style1  btn-dark-gray  btn-medium \" >LEGGI TUTTO<\/a><\/div><\/div><\/div><\/section><section class=\"vc_row wpb_row vc_row-fluid ricetta-list vc_custom_1637682359131\"><div class=\"wpb_column vc_column_container vc_col-sm-4  col-xs-mobile-fullwidth\"><div class=\"vc_column-inner \"><div class=\"wpb_wrapper\">[vc_single_image image=&#8221;26369&#8243; img_size=&#8221;large&#8221; onclick=&#8221;custom_link&#8221; link=&#8221;https:\/\/www.europeanauthentictaste.eu\/it\/lombo-di-manzo-al-bbq-speck-bietola-dellorto-e-pesche-in-salsa-di-moscato\/&#8221;][vc_empty_space height=&#8221;10px&#8221;]<\/div><\/div><\/div><div class=\"wpb_column vc_column_container vc_col-sm-8  col-xs-mobile-fullwidth\"><div class=\"vc_column-inner \"><div class=\"wpb_wrapper\"><div class=\"last-paragraph-no-margin\"><p><a class=\"text-extra-dark-gray margin-20px-bottom alt-font text-extra-large font-weight-600 display-inline-block entry-title\" href=\"https:\/\/www.europeanauthentictaste.eu\/it\/lombo-di-manzo-al-bbq-speck-bietola-dellorto-e-pesche-in-salsa-di-moscato\/\">LOMBO DI MANZO AL BBQ, SPECK, BIETOLA DELL\u2019ORTO E PESCHE IN SALSA DI MOSCATO<\/a><\/p>\n<h5 class=\"alt-font text-large\"><strong>Chef Giovanni Ricciardella<\/strong><\/h5>\n<h6 class=\"alt-font text-medium\"><strong>Cascina Vittoria<\/strong><br \/>\nVia Roma 26, Rognano (PV)<\/h6>\n<\/div><a  href=\"https:\/\/www.europeanauthentictaste.eu\/it\/lombo-di-manzo-al-bbq-speck-bietola-dellorto-e-pesche-in-salsa-di-moscato\/\" target=\"_self\" class=\"btn pofo-button-6 button-style1  btn-dark-gray  btn-medium \" >LEGGI TUTTO<\/a><\/div><\/div><\/div><\/section><section class=\"vc_row wpb_row vc_row-fluid ricetta-list vc_custom_1669381788942\"><div class=\"wpb_column vc_column_container vc_col-sm-4  col-xs-mobile-fullwidth\"><div class=\"vc_column-inner \"><div class=\"wpb_wrapper\">[vc_single_image image=&#8221;26445&#8243; img_size=&#8221;large&#8221; onclick=&#8221;custom_link&#8221; link=&#8221;https:\/\/www.europeanauthentictaste.eu\/it\/benito-o-russ\/&#8221;][vc_empty_space height=&#8221;10px&#8221;]<\/div><\/div><\/div><div class=\"wpb_column vc_column_container vc_col-sm-8  col-xs-mobile-fullwidth\"><div class=\"vc_column-inner \"><div class=\"wpb_wrapper\"><div class=\"last-paragraph-no-margin\"><p><a class=\"text-extra-dark-gray margin-20px-bottom alt-font text-extra-large font-weight-600 display-inline-block entry-title\" href=\"https:\/\/www.europeanauthentictaste.eu\/it\/benito-o-russ\/\">BENITO \u300aO\u300b &#8220;RUSS&#8221;<\/a><\/p>\n<h5 class=\"alt-font text-large\"><strong>Chef Luca Doro<\/strong><\/h5>\n<h6 class=\"alt-font text-medium\"><strong>Doro Pizzeria Gourmet<\/strong><br \/>\nVia Trieste 52, Macerata Campania (CE)<\/h6>\n<\/div><a  href=\"https:\/\/www.europeanauthentictaste.eu\/it\/benito-o-russ\/\" target=\"_self\" class=\"btn pofo-button-7 button-style1  btn-dark-gray  btn-medium \" >LEGGI TUTTO<\/a><\/div><\/div><\/div><\/section><section class=\"vc_row wpb_row vc_row-fluid ricetta-list vc_custom_1637682359131\"><div class=\"wpb_column vc_column_container vc_col-sm-4  col-xs-mobile-fullwidth\"><div class=\"vc_column-inner \"><div class=\"wpb_wrapper\">[vc_single_image image=&#8221;26389&#8243; img_size=&#8221;large&#8221; onclick=&#8221;custom_link&#8221; link=&#8221;https:\/\/www.europeanauthentictaste.eu\/it\/cotechino-destate\/&#8221;][vc_empty_space height=&#8221;10px&#8221;]<\/div><\/div><\/div><div class=\"wpb_column vc_column_container vc_col-sm-8  col-xs-mobile-fullwidth\"><div class=\"vc_column-inner \"><div class=\"wpb_wrapper\"><div class=\"last-paragraph-no-margin\"><p><a class=\"text-extra-dark-gray margin-20px-bottom alt-font text-extra-large font-weight-600 display-inline-block entry-title\" href=\"https:\/\/www.europeanauthentictaste.eu\/it\/cotechino-destate\/\">COTECHINO D\u2019ESTATE<\/a><\/p>\n<h5 class=\"alt-font text-large\"><strong>Chef Paolo De Simone<\/strong><\/h5>\n<h6 class=\"alt-font text-medium\"><strong>MODUS MILANO<\/strong><br \/>\nVia Andrea Maffei 12, Milano<\/h6>\n<\/div><a  href=\"https:\/\/www.europeanauthentictaste.eu\/it\/cotechino-destate\/\" target=\"_self\" class=\"btn pofo-button-8 button-style1  btn-dark-gray  btn-medium \" >LEGGI TUTTO<\/a><\/div><\/div><\/div><\/section><section class=\"vc_row wpb_row vc_row-fluid ricetta-list vc_custom_1637682359131\"><div class=\"wpb_column vc_column_container vc_col-sm-4  col-xs-mobile-fullwidth\"><div class=\"vc_column-inner \"><div class=\"wpb_wrapper\">[vc_single_image image=&#8221;26419&#8243; img_size=&#8221;large&#8221; onclick=&#8221;custom_link&#8221; link=&#8221;https:\/\/www.europeanauthentictaste.eu\/it\/ricciola-grasso-di-pancetta-ciliegie-fermentate-e-brodo-freddo-di-zafferano\/&#8221;][vc_empty_space height=&#8221;10px&#8221;]<\/div><\/div><\/div><div class=\"wpb_column vc_column_container vc_col-sm-8  col-xs-mobile-fullwidth\"><div class=\"vc_column-inner \"><div class=\"wpb_wrapper\"><div class=\"last-paragraph-no-margin\"><p><a class=\"text-extra-dark-gray margin-20px-bottom alt-font text-extra-large font-weight-600 display-inline-block entry-title\" href=\"https:\/\/www.europeanauthentictaste.eu\/it\/ricciola-grasso-di-pancetta-ciliegie-fermentate-e-brodo-freddo-di-zafferano\/\">RICCIOLA, GRASSO DI PANCETTA, CILIEGIE FERMENTATE E BRODO FREDDO DI ZAFFERANO<\/a><\/p>\n<h5 class=\"alt-font text-large\"><strong>Chef Roberto Di Pinto<\/strong><\/h5>\n<h6 class=\"alt-font text-medium\"><strong>Sine By Di Pinto<\/strong><br \/>\nViale Umbria 126, Milano<\/h6>\n<\/div><a  href=\"https:\/\/www.europeanauthentictaste.eu\/it\/ricciola-grasso-di-pancetta-ciliegie-fermentate-e-brodo-freddo-di-zafferano\/\" target=\"_self\" class=\"btn pofo-button-9 button-style1  btn-dark-gray  btn-medium \" >LEGGI TUTTO<\/a><\/div><\/div><\/div><\/section><section class=\"vc_row wpb_row vc_row-fluid ricetta-list vc_custom_1637682359131\"><div class=\"wpb_column vc_column_container vc_col-sm-4  col-xs-mobile-fullwidth\"><div class=\"vc_column-inner \"><div class=\"wpb_wrapper\">[vc_single_image image=&#8221;26431&#8243; img_size=&#8221;large&#8221; onclick=&#8221;custom_link&#8221; link=&#8221;https:\/\/www.europeanauthentictaste.eu\/it\/piersolardo\/&#8221;][vc_empty_space height=&#8221;10px&#8221;]<\/div><\/div><\/div><div class=\"wpb_column vc_column_container vc_col-sm-8  col-xs-mobile-fullwidth\"><div class=\"vc_column-inner \"><div class=\"wpb_wrapper\"><div class=\"last-paragraph-no-margin\"><p><a class=\"text-extra-dark-gray margin-20px-bottom alt-font text-extra-large font-weight-600 display-inline-block entry-title\" href=\"https:\/\/www.europeanauthentictaste.eu\/it\/piersolardo\/\">PIERSOLARDO<\/a><\/p>\n<h5 class=\"alt-font text-large\"><strong>Chef Stefano Basello<\/strong><\/h5>\n<h6 class=\"alt-font text-medium\"><strong>Ristorante Al Fogolar 1905<\/strong><br \/>\nViale Tricesimo 276, Udine<\/h6>\n<\/div><a  href=\"https:\/\/www.europeanauthentictaste.eu\/it\/piersolardo\/\" target=\"_self\" class=\"btn pofo-button-10 button-style1  btn-dark-gray  btn-medium \" >LEGGI TUTTO<\/a><\/div><\/div><\/div><\/section><section class=\"vc_row wpb_row vc_row-fluid  vc_custom_1687190955903\"><div class=\"wpb_column vc_column_container vc_col-sm-12  col-xs-mobile-fullwidth text-center md-text-center sm-text-center xs-text-center display-inline-block md-display-block sm-display-inline-block xs-display-block\"><div class=\"vc_column-inner \"><div class=\"wpb_wrapper\"><a  href=\"https:\/\/www.europeanauthentictaste.eu\/it\/ricette-degli-chef-2021\/\" target=\"_self\" class=\"btn pofo-button-11 button-style1  btn-dark-gray  btn-extra-large  vc_custom_1687189908168\" >VEDI LE RICETTE DEL 2021<\/a><a  href=\"https:\/\/www.europeanauthentictaste.eu\/it\/ricette-degli-chef-2022\/\" target=\"_self\" class=\"btn pofo-button-12 button-style1  btn-dark-gray  btn-extra-large  vc_custom_1687189919596\" >VEDI LE RICETTE DEL 2022<\/a><\/div><\/div><\/div><\/section><section class=\"vc_row wpb_row vc_row-fluid\"><div class=\"wpb_column vc_column_container vc_col-sm-12  col-xs-mobile-fullwidth\"><div class=\"vc_column-inner \"><div class=\"wpb_wrapper\"><\/div><\/div><\/div><\/section>\n<\/div>","protected":false},"excerpt":{"rendered":"Dal\u00a026 Giugno al 16 luglio 2023,\u00a0potrete assaggiare gli straordinari prodotti del progetto elaborati in piatti unici creati dagli \u201cAmbasciatori del Gusto\u201d. 10 ristoranti in tutta Italia vi aspettano per la terza edizione delle restaurant week, con tanti gadget esclusivi firmati\u00a0Let\u2019s Eat! La foodie bag I clienti dei ristoranti aderenti riceveranno\u00a0in omaggio per tutta la promozione\u00a0la gustosa\u00a0foodie bag del progetto. Una box in materiale ecologico contenente alcuni dei prodotti protagonisti della campagna, un energico mix di salumi e frutta, e del materiale informativo. Un modo gradito e appetitoso per\u00a0entrare nel mondo di Let\u2019s Eat! L\u2019Album Panini Scegliendo le ricette di Let\u2019s Eat si ricever\u00e0\u00a0in regalo l\u2019esclusivo Album\u00a0realizzato da Panini con protagonisti i\u00a04 Ambassador del progetto. L\u2019album \u00e8 un oggetto iconico per conoscere pi\u00f9 da vicino i nostri 4 testimonial e approfondire con loro i valori di alta qualit\u00e0, autenticit\u00e0, tipicit\u00e0, freschezza ed energia che caratterizzano la frutta e i salumi europei. Gli Ambasciatori del Gusto Tutti i ristoranti aderenti appartengono\u00a0all\u2019Associazione\u00a0Ambasciatori del Gusto, espressione dell\u2019eccellenza della ristorazione che unisce cuochi, ristoratori, pizzaioli, sommelier e personale di sala che attraverso il proprio mestiere si sono distinti nella valorizzazione del nostro patrimonio agroalimentare ed enogastronomico. RICETTE 2023[vc_single_image image=\"26287\" img_size=\"large\" onclick=\"custom_link\" link=\"https:\/\/www.europeanauthentictaste.eu\/it\/dalla-nebbia-alle-alpi\/\"][vc_empty_space height=\"10px\"]DALLA NEBBIA ALLE...","protected":false},"author":1,"featured_media":0,"parent":0,"menu_order":0,"comment_status":"closed","ping_status":"closed","template":"","meta":{"footnotes":""},"_links":{"self":[{"href":"https:\/\/www.europeanauthentictaste.eu\/it\/wp-json\/wp\/v2\/pages\/26257"}],"collection":[{"href":"https:\/\/www.europeanauthentictaste.eu\/it\/wp-json\/wp\/v2\/pages"}],"about":[{"href":"https:\/\/www.europeanauthentictaste.eu\/it\/wp-json\/wp\/v2\/types\/page"}],"author":[{"embeddable":true,"href":"https:\/\/www.europeanauthentictaste.eu\/it\/wp-json\/wp\/v2\/users\/1"}],"replies":[{"embeddable":true,"href":"https:\/\/www.europeanauthentictaste.eu\/it\/wp-json\/wp\/v2\/comments?post=26257"}],"version-history":[{"count":39,"href":"https:\/\/www.europeanauthentictaste.eu\/it\/wp-json\/wp\/v2\/pages\/26257\/revisions"}],"predecessor-version":[{"id":27378,"href":"https:\/\/www.europeanauthentictaste.eu\/it\/wp-json\/wp\/v2\/pages\/26257\/revisions\/27378"}],"wp:attachment":[{"href":"https:\/\/www.europeanauthentictaste.eu\/it\/wp-json\/wp\/v2\/media?parent=26257"}],"curies":[{"name":"wp","href":"https:\/\/api.w.org\/{rel}","templated":true}]}}