{"id":25712,"date":"2022-11-22T05:35:40","date_gmt":"2022-11-22T04:35:40","guid":{"rendered":"https:\/\/www.europeanauthentictaste.eu\/?page_id=25712"},"modified":"2024-09-11T21:50:28","modified_gmt":"2024-09-11T19:50:28","slug":"ricette-degli-chef-2022","status":"publish","type":"page","link":"https:\/\/www.europeanauthentictaste.eu\/it\/ricette-degli-chef-2022\/","title":{"rendered":"RICETTE DEGLI CHEF 2022"},"content":{"rendered":"<div class=\"wpb-content-wrapper\"><section data-vc-full-width=\"true\" data-vc-full-width-init=\"false\" class=\"vc_row wpb_row vc_row-fluid  vc_custom_1637677673385 pofo-stretch-content pofo-stretch-row-container pofo-row-responsive-680ff4b92d6e1\"><div class=\"wpb_column vc_column_container vc_col-sm-12  col-xs-mobile-fullwidth pofo-column-responsive-680ff4b92d7e0\"><div class=\"vc_column-inner \"><div class=\"wpb_wrapper\"><div class=\"text-justify last-paragraph-no-margin\"><p>Dal <strong>28 Novembre al 18 Dicembre 2022,<\/strong> potrete assaggiare gli straordinari prodotti del progetto elaborati in piatti unici creati dagli \u201cAmbasciatori del Gusto\u201d. 10 ristoranti in tutta Italia vi aspettano per la seconda edizione delle restaurant week, con tanti gadget e premi esclusivi firmati <strong>Let\u2019s Eat!<\/strong><\/p>\n<p><strong><em>La foodie bag<\/em><\/strong><\/p>\n<p>I clienti dei ristoranti aderenti riceveranno <strong>in omaggio per tutta la promozione<\/strong> la gustosa <strong>foodie bag del progetto<\/strong>. Una box in materiale ecologico contenente alcuni dei prodotti protagonisti della campagna, un energico mix di salumi e frutta, e del materiale informativo. Un modo gradito e appetitoso per <strong>entrare nel mondo di Let\u2019s Eat!<\/strong><\/p>\n<p><strong><em>L\u2019Album Panini<\/em><\/strong><\/p>\n<p>Scegliendo le ricette di Let\u2019s Eat si ricever\u00e0 <strong>in regalo l\u2019esclusivo Album <\/strong>realizzato da Panini con protagonisti i <a href=\"https:\/\/www.europeanauthentictaste.eu\/it\/brand-ambassadors\/\"><strong><u>4 Ambassador del progetto<\/u><\/strong><\/a>. L\u2019album \u00e8 un oggetto iconico per conoscere pi\u00f9 da vicino i nostri 4 testimonial e approfondire con loro i valori di alta qualit\u00e0, autenticit\u00e0, tipicit\u00e0, freschezza ed energia che caratterizzano la frutta e i salumi europei.<\/p>\n<p><strong><em>Gli Ambasciatori del Gusto<\/em><\/strong><\/p>\n<p>Tutti i ristoranti aderenti appartengono <strong>all\u2019Associazione <\/strong><a href=\"https:\/\/www.ambasciatoridelgusto.it\/\" target=\"_blank\" rel=\"noopener\"><strong><u>Ambasciatori del Gusto<\/u><\/strong><\/a>, espressione dell\u2019eccellenza della ristorazione che unisce cuochi, ristoratori, pizzaioli, sommelier e personale di sala che attraverso il proprio mestiere si sono distinti nella valorizzazione del nostro patrimonio agroalimentare ed enogastronomico.<\/p>\n<\/div><\/div><\/div><\/div><\/section><div class=\"vc_row-full-width vc_clearfix\"><\/div><section data-vc-full-width=\"true\" data-vc-full-width-init=\"false\" class=\"vc_row wpb_row vc_row-fluid  vc_custom_1669381607384 wow fadeIn pofo-stretch-content pofo-stretch-row-container\"><div class=\"wpb_column vc_column_container vc_col-sm-12  col-xs-mobile-fullwidth\"><div class=\"vc_column-inner \"><div class=\"wpb_wrapper\"><div class=\"vc_row wpb_row vc_inner vc_row-fluid\"><div class=\"wpb_column vc_column_container vc_col-sm-1 vc_col-md-3 vc_hidden-xs col-xs-mobile-fullwidth\"><div class=\"vc_column-inner \"><div class=\"wpb_wrapper\"><\/div><\/div><\/div><div class=\"wpb_column vc_column_container vc_col-sm-10 vc_col-md-6 col-xs-mobile-fullwidth text-center\"><div class=\"vc_column-inner \"><div class=\"wpb_wrapper\"><h2 class=\"margin-100px-bottom xs-margin-40px-bottom font-weight-600 text-extra-large margin-50px-bottom display-inline-block alt-font text-extra-small text-outside-line text-uppercase heading-style5  vc_custom_1726084227519  heading-1\"  style=\"font-size: 30px; font-weight: 700;\" data-fontsize=\"30px\">RICETTE 2022<\/h2><\/div><\/div><\/div><div class=\"wpb_column vc_column_container vc_col-sm-1 vc_col-md-3 vc_hidden-xs col-xs-mobile-fullwidth\"><div class=\"vc_column-inner \"><div class=\"wpb_wrapper\"><\/div><\/div><\/div><\/div><\/div><\/div><\/div><\/section><div class=\"vc_row-full-width vc_clearfix\"><\/div><section class=\"vc_row wpb_row vc_row-fluid ricetta-list vc_custom_1637682359131\"><div class=\"wpb_column vc_column_container vc_col-sm-4  col-xs-mobile-fullwidth\"><div class=\"vc_column-inner \"><div class=\"wpb_wrapper\">[vc_single_image image=&#8221;25746&#8243; img_size=&#8221;large&#8221; onclick=&#8221;custom_link&#8221; link=&#8221;https:\/\/www.europeanauthentictaste.eu\/it\/me-la-puglia\/&#8221;][vc_empty_space height=&#8221;10px&#8221;]<\/div><\/div><\/div><div class=\"wpb_column vc_column_container vc_col-sm-8  col-xs-mobile-fullwidth\"><div class=\"vc_column-inner \"><div class=\"wpb_wrapper\"><div class=\"last-paragraph-no-margin\"><p><a class=\"text-extra-dark-gray margin-20px-bottom alt-font text-extra-large font-weight-600 display-inline-block entry-title\" href=\"https:\/\/www.europeanauthentictaste.eu\/it\/me-la-puglia\/\">ME LA PUGLIA<\/a><\/p>\n<h5 class=\"alt-font text-large\"><strong>Chef Domenico Boccuzzi<\/strong><\/h5>\n<h6 class=\"alt-font text-medium\"><strong>Sapore Perfetto<\/strong><br \/>\nVia San Giacomo 11 (815,03 km) &#8211; Conversano (BA)<\/h6>\n<\/div><a  href=\"https:\/\/www.europeanauthentictaste.eu\/it\/me-la-puglia\/\" target=\"_self\" class=\"btn pofo-button-1 button-style1  btn-dark-gray  btn-medium \" >LEGGI TUTTO<\/a><\/div><\/div><\/div><\/section><section class=\"vc_row wpb_row vc_row-fluid ricetta-list vc_custom_1637682359131\"><div class=\"wpb_column vc_column_container vc_col-sm-4  col-xs-mobile-fullwidth\"><div class=\"vc_column-inner \"><div class=\"wpb_wrapper\">[vc_single_image image=&#8221;25920&#8243; img_size=&#8221;large&#8221; onclick=&#8221;custom_link&#8221; link=&#8221;https:\/\/www.europeanauthentictaste.eu\/it\/pollo-morbido-chutney-di-mele-piccante-prosciutto-crudo-confit-e-gelatina-di-mozzarella-di-bufala-affumicata\/&#8221;][vc_empty_space height=&#8221;10px&#8221;]<\/div><\/div><\/div><div class=\"wpb_column vc_column_container vc_col-sm-8  col-xs-mobile-fullwidth\"><div class=\"vc_column-inner \"><div class=\"wpb_wrapper\"><div class=\"last-paragraph-no-margin\"><p><a class=\"text-extra-dark-gray margin-20px-bottom alt-font text-extra-large font-weight-600 display-inline-block entry-title\" href=\"https:\/\/www.europeanauthentictaste.eu\/it\/pollo-morbido-chutney-di-mele-piccante-prosciutto-crudo-confit-e-gelatina-di-mozzarella-di-bufala-affumicata\/\">POLLO MORBIDO, CHUTNEY DI MELE PICCANTE, PROSCIUTTO CRUDO CONFIT E GELATINA DI MOZZARELLA DI BUFALA AFFUMICATA<\/a><\/p>\n<h5 class=\"alt-font text-large\"><strong>Chef Vittorio Borgia<\/strong><\/h5>\n<h6 class=\"alt-font text-medium\"><strong>Bioesser\u00ec<\/strong><br \/>\nVia Vespucci 11, Milano<\/h6>\n<\/div><a  href=\"https:\/\/www.europeanauthentictaste.eu\/it\/pollo-morbido-chutney-di-mele-piccante-prosciutto-crudo-confit-e-gelatina-di-mozzarella-di-bufala-affumicata\/\" target=\"_self\" class=\"btn pofo-button-2 button-style1  btn-dark-gray  btn-medium \" >LEGGI TUTTO<\/a><\/div><\/div><\/div><\/section><section class=\"vc_row wpb_row vc_row-fluid ricetta-list vc_custom_1637682359131\"><div class=\"wpb_column vc_column_container vc_col-sm-4  col-xs-mobile-fullwidth\"><div class=\"vc_column-inner \"><div class=\"wpb_wrapper\">[vc_single_image image=&#8221;25875&#8243; img_size=&#8221;large&#8221; onclick=&#8221;custom_link&#8221; link=&#8221;https:\/\/www.europeanauthentictaste.eu\/it\/cubi-di-salmone-selvaggio-su-crumble-di-pane-al-nero-di-seppia-sorbetto-di-mele-cotte-mousse-di-speck\/&#8221;][vc_empty_space height=&#8221;10px&#8221;]<\/div><\/div><\/div><div class=\"wpb_column vc_column_container vc_col-sm-8  col-xs-mobile-fullwidth\"><div class=\"vc_column-inner \"><div class=\"wpb_wrapper\"><div class=\"last-paragraph-no-margin\"><p><a class=\"text-extra-dark-gray margin-20px-bottom alt-font text-extra-large font-weight-600 display-inline-block entry-title\" href=\"https:\/\/www.europeanauthentictaste.eu\/it\/cubi-di-salmone-selvaggio-su-crumble-di-pane-al-nero-di-seppia-sorbetto-di-mele-cotte-mousse-di-speck\/\">CUBI DI SALMONE SELVAGGIO SU CRUMBLE DI PANE AL NERO DI SEPPIA, SORBETTO DI MELE COTTE, MOUSSE DI SPECK<\/a><\/p>\n<h5 class=\"alt-font text-large\"><strong>Chef Pasquale Caliri<\/strong><\/h5>\n<h6 class=\"alt-font text-medium\"><strong>Marina del Nettuno Yachting Club Messina<\/strong><br \/>\nViale della Libert\u00e0, Batteria Masotto &#8211; Messina<\/h6>\n<\/div><a  href=\"https:\/\/www.europeanauthentictaste.eu\/it\/cubi-di-salmone-selvaggio-su-crumble-di-pane-al-nero-di-seppia-sorbetto-di-mele-cotte-mousse-di-speck\/\" target=\"_self\" class=\"btn pofo-button-3 button-style1  btn-dark-gray  btn-medium \" >LEGGI TUTTO<\/a><\/div><\/div><\/div><\/section><section class=\"vc_row wpb_row vc_row-fluid ricetta-list vc_custom_1637682359131\"><div class=\"wpb_column vc_column_container vc_col-sm-4  col-xs-mobile-fullwidth\"><div class=\"vc_column-inner \"><div class=\"wpb_wrapper\">[vc_single_image image=&#8221;25791&#8243; img_size=&#8221;large&#8221; onclick=&#8221;custom_link&#8221; link=&#8221;https:\/\/www.europeanauthentictaste.eu\/it\/fregula-unita\/&#8221;][vc_empty_space height=&#8221;10px&#8221;]<\/div><\/div><\/div><div class=\"wpb_column vc_column_container vc_col-sm-8  col-xs-mobile-fullwidth\"><div class=\"vc_column-inner \"><div class=\"wpb_wrapper\"><div class=\"last-paragraph-no-margin\"><p><a class=\"text-extra-dark-gray margin-20px-bottom alt-font text-extra-large font-weight-600 display-inline-block entry-title\" href=\"https:\/\/www.europeanauthentictaste.eu\/it\/fregula-unita\/\">FREGULA UNITA<\/a><\/p>\n<h5 class=\"alt-font text-large\"><strong>Chef Giuseppe Carrus<\/strong><\/h5>\n<h6 class=\"alt-font text-medium\"><strong>Cucina.eat<\/strong><br \/>\nPiazza Galileo Galilei, 1 &#8211; Cagliari<\/h6>\n<\/div><a  href=\"https:\/\/www.europeanauthentictaste.eu\/it\/fregula-unita\/\" target=\"_self\" class=\"btn pofo-button-4 button-style1  btn-dark-gray  btn-medium \" >LEGGI TUTTO<\/a><\/div><\/div><\/div><\/section><section class=\"vc_row wpb_row vc_row-fluid ricetta-list vc_custom_1637682359131\"><div class=\"wpb_column vc_column_container vc_col-sm-4  col-xs-mobile-fullwidth\"><div class=\"vc_column-inner \"><div class=\"wpb_wrapper\">[vc_single_image image=&#8221;25771&#8243; img_size=&#8221;large&#8221; onclick=&#8221;custom_link&#8221; link=&#8221;https:\/\/www.europeanauthentictaste.eu\/it\/cotechino-tiepido-con-purea-di-mela-zucchine-romanesche-fermentate-misticanza-di-campo-e-pan-brioche-agli-agrumi\/&#8221;][vc_empty_space height=&#8221;10px&#8221;]<\/div><\/div><\/div><div class=\"wpb_column vc_column_container vc_col-sm-8  col-xs-mobile-fullwidth\"><div class=\"vc_column-inner \"><div class=\"wpb_wrapper\"><div class=\"last-paragraph-no-margin\"><p><a class=\"text-extra-dark-gray margin-20px-bottom alt-font text-extra-large font-weight-600 display-inline-block entry-title\" href=\"https:\/\/www.europeanauthentictaste.eu\/it\/cotechino-tiepido-con-purea-di-mela-zucchine-romanesche-fermentate-misticanza-di-campo-e-pan-brioche-agli-agrumi\/\">COTECHINO TIEPIDO CON PUREA DI MELA, ZUCCHINE ROMANESCHE FERMENTATE, MISTICANZA DI CAMPO E PAN BRIOCHE AGLI AGRUMI<\/a><\/p>\n<h5 class=\"alt-font text-large\"><strong>Chef Francesca Ciucci<\/strong><\/h5>\n<h6 class=\"alt-font text-medium\"><strong>La Ciambella Bar \u00e0 Vin con Cucina<\/strong><br \/>\nVia dell\u2019Arco della Ciambella 20 &#8211; Roma<\/h6>\n<\/div><a  href=\"https:\/\/www.europeanauthentictaste.eu\/it\/cotechino-tiepido-con-purea-di-mela-zucchine-romanesche-fermentate-misticanza-di-campo-e-pan-brioche-agli-agrumi\/\" target=\"_self\" class=\"btn pofo-button-5 button-style1  btn-dark-gray  btn-medium \" >LEGGI TUTTO<\/a><\/div><\/div><\/div><\/section><section class=\"vc_row wpb_row vc_row-fluid ricetta-list vc_custom_1637682359131\"><div class=\"wpb_column vc_column_container vc_col-sm-4  col-xs-mobile-fullwidth\"><div class=\"vc_column-inner \"><div class=\"wpb_wrapper\">[vc_single_image image=&#8221;25899&#8243; img_size=&#8221;large&#8221; onclick=&#8221;custom_link&#8221; link=&#8221;https:\/\/www.europeanauthentictaste.eu\/it\/lampascione-croccante-in-salsa-di-mele-e-pancetta-con-gelato-alla-farina-di-ceci-e-mele\/&#8221;][vc_empty_space height=&#8221;10px&#8221;]<\/div><\/div><\/div><div class=\"wpb_column vc_column_container vc_col-sm-8  col-xs-mobile-fullwidth\"><div class=\"vc_column-inner \"><div class=\"wpb_wrapper\"><div class=\"last-paragraph-no-margin\"><p><a class=\"text-extra-dark-gray margin-20px-bottom alt-font text-extra-large font-weight-600 display-inline-block entry-title\" href=\"https:\/\/www.europeanauthentictaste.eu\/it\/lampascione-croccante-in-salsa-di-mele-e-pancetta-con-gelato-alla-farina-di-ceci-e-mele\/\">LAMPASCIONE CROCCANTE IN SALSA DI MELE E PANCETTA CON GELATO ALLA FARINA DI CECI E MELE<\/a><\/p>\n<h5 class=\"alt-font text-large\"><strong>Chef Stefano D\u2019Onghia<\/strong><\/h5>\n<h6 class=\"alt-font text-medium\"><strong>Botteghe Antiche<\/strong><br \/>\nPiazza Plebiscito, 8 &#8211; Putignano (BA)<\/h6>\n<\/div><a  href=\"https:\/\/www.europeanauthentictaste.eu\/it\/lampascione-croccante-in-salsa-di-mele-e-pancetta-con-gelato-alla-farina-di-ceci-e-mele\/\" target=\"_self\" class=\"btn pofo-button-6 button-style1  btn-dark-gray  btn-medium \" >LEGGI TUTTO<\/a><\/div><\/div><\/div><\/section><section class=\"vc_row wpb_row vc_row-fluid ricetta-list vc_custom_1669381788942\"><div class=\"wpb_column vc_column_container vc_col-sm-4  col-xs-mobile-fullwidth\"><div class=\"vc_column-inner \"><div class=\"wpb_wrapper\">[vc_single_image image=&#8221;25738&#8243; img_size=&#8221;large&#8221; onclick=&#8221;custom_link&#8221; link=&#8221;https:\/\/www.europeanauthentictaste.eu\/it\/de-big-eppol\/&#8221;][vc_empty_space height=&#8221;10px&#8221;]<\/div><\/div><\/div><div class=\"wpb_column vc_column_container vc_col-sm-8  col-xs-mobile-fullwidth\"><div class=\"vc_column-inner \"><div class=\"wpb_wrapper\"><div class=\"last-paragraph-no-margin\"><p><a class=\"text-extra-dark-gray margin-20px-bottom alt-font text-extra-large font-weight-600 display-inline-block entry-title\" href=\"https:\/\/www.europeanauthentictaste.eu\/it\/de-big-eppol\/\">DE BIG EPPOL<\/a><\/p>\n<h5 class=\"alt-font text-large\"><strong>Chef Andrea Graziano<\/strong><\/h5>\n<h6 class=\"alt-font text-medium\"><strong>FUD CATANIA<\/strong><br \/>\nVia Santa Filomena, 35 &#8211; Catania<\/h6>\n<\/div><a  href=\"https:\/\/www.europeanauthentictaste.eu\/it\/de-big-eppol\/\" target=\"_self\" class=\"btn pofo-button-7 button-style1  btn-dark-gray  btn-medium \" >LEGGI TUTTO<\/a><\/div><\/div><\/div><\/section><section class=\"vc_row wpb_row vc_row-fluid ricetta-list vc_custom_1637682359131\"><div class=\"wpb_column vc_column_container vc_col-sm-4  col-xs-mobile-fullwidth\"><div class=\"vc_column-inner \"><div class=\"wpb_wrapper\">[vc_single_image image=&#8221;25812&#8243; img_size=&#8221;large&#8221; onclick=&#8221;custom_link&#8221; link=&#8221;https:\/\/www.europeanauthentictaste.eu\/it\/hamburger-rezdora\/&#8221;][vc_empty_space height=&#8221;10px&#8221;]<\/div><\/div><\/div><div class=\"wpb_column vc_column_container vc_col-sm-8  col-xs-mobile-fullwidth\"><div class=\"vc_column-inner \"><div class=\"wpb_wrapper\"><div class=\"last-paragraph-no-margin\"><p><a class=\"text-extra-dark-gray margin-20px-bottom alt-font text-extra-large font-weight-600 display-inline-block entry-title\" href=\"https:\/\/www.europeanauthentictaste.eu\/it\/hamburger-rezdora\/\">HAMBURGER REZDORA<\/a><\/p>\n<h5 class=\"alt-font text-large\"><strong>Chef Luca Marchini<\/strong><\/h5>\n<h6 class=\"alt-font text-medium\"><strong>Trattoria Pomposa<\/strong><br \/>\nVia Castel Maraldo, 57 &#8211; Modena<\/h6>\n<\/div><a  href=\"https:\/\/www.europeanauthentictaste.eu\/it\/hamburger-rezdora\/\" target=\"_self\" class=\"btn pofo-button-8 button-style1  btn-dark-gray  btn-medium \" >LEGGI TUTTO<\/a><\/div><\/div><\/div><\/section><section class=\"vc_row wpb_row vc_row-fluid ricetta-list vc_custom_1637682359131\"><div class=\"wpb_column vc_column_container vc_col-sm-4  col-xs-mobile-fullwidth\"><div class=\"vc_column-inner \"><div class=\"wpb_wrapper\">[vc_single_image image=&#8221;25853&#8243; img_size=&#8221;large&#8221; onclick=&#8221;custom_link&#8221; link=&#8221;https:\/\/www.europeanauthentictaste.eu\/it\/insolita\/&#8221;][vc_empty_space height=&#8221;10px&#8221;]<\/div><\/div><\/div><div class=\"wpb_column vc_column_container vc_col-sm-8  col-xs-mobile-fullwidth\"><div class=\"vc_column-inner \"><div class=\"wpb_wrapper\"><div class=\"last-paragraph-no-margin\"><p><a class=\"text-extra-dark-gray margin-20px-bottom alt-font text-extra-large font-weight-600 display-inline-block entry-title\" href=\"https:\/\/www.europeanauthentictaste.eu\/it\/insolita\/\">INSOLITA<\/a><\/p>\n<h5 class=\"alt-font text-large\"><strong>Chef Massimiliano Prete<\/strong><\/h5>\n<h6 class=\"alt-font text-medium\"><strong>Sestogusto Torino<\/strong><br \/>\nVia Giuseppe Mazzini, 31A &#8211; Torino<\/h6>\n<\/div><a  href=\"https:\/\/www.europeanauthentictaste.eu\/it\/insolita\/\" target=\"_self\" class=\"btn pofo-button-9 button-style1  btn-dark-gray  btn-medium \" >LEGGI TUTTO<\/a><\/div><\/div><\/div><\/section><section class=\"vc_row wpb_row vc_row-fluid ricetta-list vc_custom_1637682359131\"><div class=\"wpb_column vc_column_container vc_col-sm-4  col-xs-mobile-fullwidth\"><div class=\"vc_column-inner \"><div class=\"wpb_wrapper\">[vc_single_image image=&#8221;25832&#8243; img_size=&#8221;large&#8221; onclick=&#8221;custom_link&#8221; link=&#8221;https:\/\/www.europeanauthentictaste.eu\/it\/maialino-sardo-il-suo-lardo-e-vinaigrette-alla-mela\/&#8221;][vc_empty_space height=&#8221;10px&#8221;]<\/div><\/div><\/div><div class=\"wpb_column vc_column_container vc_col-sm-8  col-xs-mobile-fullwidth\"><div class=\"vc_column-inner \"><div class=\"wpb_wrapper\"><div class=\"last-paragraph-no-margin\"><p><a class=\"text-extra-dark-gray margin-20px-bottom alt-font text-extra-large font-weight-600 display-inline-block entry-title\" href=\"https:\/\/www.europeanauthentictaste.eu\/it\/maialino-sardo-il-suo-lardo-e-vinaigrette-alla-mela\/\">MAIALINO SARDO, IL SUO LARDO E VINAIGRETTE ALLA MELA<\/a><\/p>\n<h5 class=\"alt-font text-large\"><strong>Chef Marina Ravarotto<\/strong><\/h5>\n<h6 class=\"alt-font text-medium\"><strong>Ristorante ChiaroScuro<\/strong><br \/>\nCorso Vittorio Emanuele II, 380 &#8211; Cagliari<\/h6>\n<\/div><a  href=\"https:\/\/www.europeanauthentictaste.eu\/it\/maialino-sardo-il-suo-lardo-e-vinaigrette-alla-mela\/\" target=\"_self\" class=\"btn pofo-button-10 button-style1  btn-dark-gray  btn-medium \" >LEGGI TUTTO<\/a><\/div><\/div><\/div><\/section><section class=\"vc_row wpb_row vc_row-fluid  vc_custom_1687190921742\"><div class=\"wpb_column vc_column_container vc_col-sm-12  col-xs-mobile-fullwidth text-center md-text-center sm-text-center xs-text-center display-inline-block md-display-block sm-display-inline-block xs-display-block\"><div class=\"vc_column-inner \"><div class=\"wpb_wrapper\"><a  href=\"https:\/\/www.europeanauthentictaste.eu\/it\/ricette-degli-chef-2021\/\" target=\"_self\" class=\"btn pofo-button-11 button-style1  btn-dark-gray  btn-extra-large  vc_custom_1687190434592\" >VEDI LE RICETTE DEL 2021<\/a><a  href=\"https:\/\/www.europeanauthentictaste.eu\/it\/ricette-degli-chef\/\" target=\"_self\" class=\"btn pofo-button-12 button-style1  btn-dark-gray  btn-extra-large  vc_custom_1687190443176\" >VEDI LE RICETTE DEL 2023<\/a><\/div><\/div><\/div><\/section><section class=\"vc_row wpb_row vc_row-fluid\"><div class=\"wpb_column vc_column_container vc_col-sm-12  col-xs-mobile-fullwidth\"><div class=\"vc_column-inner \"><div class=\"wpb_wrapper\"><\/div><\/div><\/div><\/section>\n<\/div>","protected":false},"excerpt":{"rendered":"Dal 28 Novembre al 18 Dicembre 2022, potrete assaggiare gli straordinari prodotti del progetto elaborati in piatti unici creati dagli \u201cAmbasciatori del Gusto\u201d. 10 ristoranti in tutta Italia vi aspettano per la seconda edizione delle restaurant week, con tanti gadget e premi esclusivi firmati Let\u2019s Eat! La foodie bag I clienti dei ristoranti aderenti riceveranno in omaggio per tutta la promozione la gustosa foodie bag del progetto. Una box in materiale ecologico contenente alcuni dei prodotti protagonisti della campagna, un energico mix di salumi e frutta, e del materiale informativo. Un modo gradito e appetitoso per entrare nel mondo di Let\u2019s Eat! L\u2019Album Panini Scegliendo le ricette di Let\u2019s Eat si ricever\u00e0 in regalo l\u2019esclusivo Album realizzato da Panini con protagonisti i 4 Ambassador del progetto. L\u2019album \u00e8 un oggetto iconico per conoscere pi\u00f9 da vicino i nostri 4 testimonial e approfondire con loro i valori di alta qualit\u00e0, autenticit\u00e0, tipicit\u00e0, freschezza ed energia che caratterizzano la frutta e i salumi europei. Gli Ambasciatori del Gusto Tutti i ristoranti aderenti appartengono all\u2019Associazione Ambasciatori del Gusto, espressione dell\u2019eccellenza della ristorazione che unisce cuochi, ristoratori, pizzaioli, sommelier e personale di sala che attraverso il proprio mestiere si sono distinti nella valorizzazione del...","protected":false},"author":1,"featured_media":0,"parent":0,"menu_order":0,"comment_status":"closed","ping_status":"closed","template":"","meta":{"footnotes":""},"_links":{"self":[{"href":"https:\/\/www.europeanauthentictaste.eu\/it\/wp-json\/wp\/v2\/pages\/25712"}],"collection":[{"href":"https:\/\/www.europeanauthentictaste.eu\/it\/wp-json\/wp\/v2\/pages"}],"about":[{"href":"https:\/\/www.europeanauthentictaste.eu\/it\/wp-json\/wp\/v2\/types\/page"}],"author":[{"embeddable":true,"href":"https:\/\/www.europeanauthentictaste.eu\/it\/wp-json\/wp\/v2\/users\/1"}],"replies":[{"embeddable":true,"href":"https:\/\/www.europeanauthentictaste.eu\/it\/wp-json\/wp\/v2\/comments?post=25712"}],"version-history":[{"count":38,"href":"https:\/\/www.europeanauthentictaste.eu\/it\/wp-json\/wp\/v2\/pages\/25712\/revisions"}],"predecessor-version":[{"id":27379,"href":"https:\/\/www.europeanauthentictaste.eu\/it\/wp-json\/wp\/v2\/pages\/25712\/revisions\/27379"}],"wp:attachment":[{"href":"https:\/\/www.europeanauthentictaste.eu\/it\/wp-json\/wp\/v2\/media?parent=25712"}],"curies":[{"name":"wp","href":"https:\/\/api.w.org\/{rel}","templated":true}]}}