{"id":24048,"date":"2021-08-05T08:54:57","date_gmt":"2021-08-05T06:54:57","guid":{"rendered":"https:\/\/www.europeanauthentictaste.eu\/letseat\/campaign\/"},"modified":"2021-11-09T02:51:10","modified_gmt":"2021-11-09T01:51:10","slug":"campagna","status":"publish","type":"page","link":"https:\/\/www.europeanauthentictaste.eu\/it\/campagna\/","title":{"rendered":"CAMPAGNA"},"content":{"rendered":"<div class=\"wpb-content-wrapper\"><section data-vc-full-width=\"true\" data-vc-full-width-init=\"false\" data-vc-stretch-content=\"true\" class=\"vc_row wpb_row vc_row-fluid  vc_custom_1507098851778 wow fadeIn pofo-stretch-content vc_row-no-padding\"><div class=\"wpb_column vc_column_container vc_col-sm-12  col-xs-mobile-fullwidth\"><div class=\"vc_column-inner \"><div class=\"wpb_wrapper\">[rev_slider_vc alias=&#8221;campaign-en-slider-titolo-pagina-full-screen-1&#8243;]<\/div><\/div><\/div><\/section><div class=\"vc_row-full-width vc_clearfix\"><\/div><section class=\"vc_row wpb_row vc_row-fluid\"><div class=\"wpb_column vc_column_container vc_col-sm-12  col-xs-mobile-fullwidth\"><div class=\"vc_column-inner \"><div class=\"wpb_wrapper\"><h5 class=\"text-extra-dark-gray margin-20px-bottom font-weight-600 text-uppercase display-inline-block alt-font heading-style2  vc_custom_1632969199864  heading-1\"  style=\"font-weight: 700;\">CAMPAGNA<\/h5><div class=\"text-justify last-paragraph-no-margin\"><p>Il progetto &#8220;<strong>LET&#8217;S EAT &#8211; European Authentic Taste<\/strong>&#8221; mira a migliorare il livello di conoscenza dei pregi dei prodotti agroalimentari dell&#8217;Unione e ad aumentarne la competitivit\u00e0 e il consumo, all&#8217;interno di tre paesi target <strong>scelti: Italia, Francia e Belgio. <\/strong><\/p>\n<p>I prodotti testimonial della campagna incarnano ed evidenziano perfettamente le specificit\u00e0 dei metodi di produzione agricola dei prodotti agroalimentari dell&#8217;UE, e la loro combinazione esalta ulteriormente le qualit\u00e0 e il carattere unico delle produzioni europee.<\/p>\n<p>Il progetto \u00e8 promosso dall&#8217;Associazione delle cooperative agricole di Imathia in Grecia, che \u00e8 il coordinatore dell&#8217;azione, e dall&#8217;Istituto Valorizzazione Salumi Italiani &#8211; IVSI, in Italia.<\/p>\n<p>La campagna si rivolge direttamente ai consumatori, ai media e ai professionisti dell&#8217;HoReCa, per promuovere <strong>un cambiamento culturale<\/strong> verso i salumi e aumentare il consumo di frutta e verdura nel contesto di abitudini alimentari corrette ed equilibrate, una priorit\u00e0 dell&#8217;Unione Europea.<\/p>\n<p>I prodotti sono presentati e promossi al di fuori del loro classico contesto di consumo: saranno mescolati insieme per produrre un&#8217;idea nuova, fresca e glamour di una pausa energetica di qualit\u00e0 con un Gusto Autentico Europeo.<\/p>\n<p>Il progetto ha una durata triennale (2021-2024), e beneficia <strong>del cofinanziamento della Commissione Europea<\/strong> nell&#8217;ambito del Regolamento (UE) 1144\/2014 (Azioni di informazione e promozione dei prodotti agricoli sul mercato interno).<\/p>\n<\/div><\/div><\/div><\/div><\/section>\n<\/div>","protected":false},"excerpt":{"rendered":"[rev_slider_vc alias=\"campaign-en-slider-titolo-pagina-full-screen-1\"]CAMPAGNAIl progetto \"LET'S EAT - European Authentic Taste\" mira a migliorare il livello di conoscenza dei pregi dei prodotti agroalimentari dell'Unione e ad aumentarne la competitivit\u00e0 e il consumo, all'interno di tre paesi target scelti: Italia, Francia e Belgio. I prodotti testimonial della campagna incarnano ed evidenziano perfettamente le specificit\u00e0 dei metodi di produzione agricola dei prodotti agroalimentari dell'UE, e la loro combinazione esalta ulteriormente le qualit\u00e0 e il carattere unico delle produzioni europee. Il progetto \u00e8 promosso dall'Associazione delle cooperative agricole di Imathia in Grecia, che \u00e8 il coordinatore dell'azione, e dall'Istituto Valorizzazione Salumi Italiani - IVSI, in Italia. La campagna si rivolge direttamente ai consumatori, ai media e ai professionisti dell'HoReCa, per promuovere un cambiamento culturale verso i salumi e aumentare il consumo di frutta e verdura nel contesto di abitudini alimentari corrette ed equilibrate, una priorit\u00e0 dell'Unione Europea. I prodotti sono presentati e promossi al di fuori del loro classico contesto di consumo: saranno mescolati insieme per produrre un'idea nuova, fresca e glamour di una pausa energetica di qualit\u00e0 con un Gusto Autentico Europeo. Il progetto ha una durata triennale (2021-2024), e beneficia del cofinanziamento della Commissione Europea nell'ambito del Regolamento (UE) 1144\/2014 (Azioni di informazione...","protected":false},"author":1,"featured_media":0,"parent":0,"menu_order":0,"comment_status":"closed","ping_status":"closed","template":"","meta":{"footnotes":""},"_links":{"self":[{"href":"https:\/\/www.europeanauthentictaste.eu\/it\/wp-json\/wp\/v2\/pages\/24048"}],"collection":[{"href":"https:\/\/www.europeanauthentictaste.eu\/it\/wp-json\/wp\/v2\/pages"}],"about":[{"href":"https:\/\/www.europeanauthentictaste.eu\/it\/wp-json\/wp\/v2\/types\/page"}],"author":[{"embeddable":true,"href":"https:\/\/www.europeanauthentictaste.eu\/it\/wp-json\/wp\/v2\/users\/1"}],"replies":[{"embeddable":true,"href":"https:\/\/www.europeanauthentictaste.eu\/it\/wp-json\/wp\/v2\/comments?post=24048"}],"version-history":[{"count":4,"href":"https:\/\/www.europeanauthentictaste.eu\/it\/wp-json\/wp\/v2\/pages\/24048\/revisions"}],"predecessor-version":[{"id":24687,"href":"https:\/\/www.europeanauthentictaste.eu\/it\/wp-json\/wp\/v2\/pages\/24048\/revisions\/24687"}],"wp:attachment":[{"href":"https:\/\/www.europeanauthentictaste.eu\/it\/wp-json\/wp\/v2\/media?parent=24048"}],"curies":[{"name":"wp","href":"https:\/\/api.w.org\/{rel}","templated":true}]}}