{"id":24470,"date":"2021-10-01T01:14:24","date_gmt":"2021-09-30T23:14:24","guid":{"rendered":"https:\/\/www.europeanauthentictaste.eu\/letseat\/cookie-policy\/"},"modified":"2023-02-20T22:26:37","modified_gmt":"2023-02-20T21:26:37","slug":"cookie-policy","status":"publish","type":"page","link":"https:\/\/www.europeanauthentictaste.eu\/fr\/cookie-policy\/","title":{"rendered":"COOKIE POLICY"},"content":{"rendered":"<div class=\"wpb-content-wrapper\"><section class=\"vc_row wpb_row vc_row-fluid privacy-text\"><div class=\"wpb_column vc_column_container vc_col-sm-12  col-xs-mobile-fullwidth\"><div class=\"vc_column-inner \"><div class=\"wpb_wrapper\"><div class=\"last-paragraph-no-margin\"><div id=\"wbars_all\">\n<div class=\"iub_container iub_base_container\">\n<div id=\"wbars\">\n<div class=\"iub_content legal_pp\">\n<div class=\"one_line_col\">\n<h2>Politique relative aux cookies de www.europeanauthentictaste.eu<\/h2>\n<p>Le pr\u00e9sent document informe les Utilisateurs des technologies permettant \u00e0 cette Application d\u2019atteindre les finalit\u00e9s d\u00e9crites ci-dessous. Ces technologies permettent au Propri\u00e9taire d\u2019acc\u00e9der \u00e0 des informations et de les stocker (\u00e0 l\u2019aide d\u2019un Cookie, par exemple) ou d\u2019utiliser des ressources (en ex\u00e9cutant un script, par exemple) sur l\u2019appareil d\u2019un Utilisateur lorsque celui-ci interagit avec cette Application.<\/p>\n<p>Par souci de simplification, toutes ces technologies sont d\u00e9finies comme \u00e9tant des \u00ab Traqueurs \u00bb dans le pr\u00e9sent document, \u00e0 moins qu\u2019il n\u2019existe une raison de les diff\u00e9rencier.<br \/>\nPar exemple, bien que les Cookies puissent \u00eatre utilis\u00e9s \u00e0 la fois sur les navigateurs Internet et mobiles, il serait inexact de parler de Cookies dans le contexte des applications mobiles car ce sont des traqueurs bas\u00e9s sur un navigateur. C\u2019est pourquoi, dans ce document, le terme Cookies n\u2019est utilis\u00e9 que lorsqu\u2019il est sp\u00e9cifiquement destin\u00e9 \u00e0 indiquer ce type sp\u00e9cifique de Traqueur.<\/p>\n<p>Certaines des finalit\u00e9s pour lesquelles les Traqueurs sont utilis\u00e9s peuvent n\u00e9cessiter le consentement de l\u2019Utilisateur. Lorsque le consentement est donn\u00e9, il peut \u00eatre librement retir\u00e9 \u00e0 tout moment en suivant les instructions fournies dans le pr\u00e9sent document.<\/p>\n<p>Cette Application utilise des Traqueurs g\u00e9r\u00e9s directement par le Propri\u00e9taire (les Traqueurs dits \u00ab de premi\u00e8re partie \u00bb) et les Traqueurs qui activent les services fournis par un tiers (les Traqueurs dits \u00ab tiers \u00bb). Sauf indication contraire dans le pr\u00e9sent document, les fournisseurs tiers peuvent acc\u00e9der aux Traqueurs g\u00e9r\u00e9s par eux-m\u00eames.<br \/>\nLes p\u00e9riodes de validit\u00e9 et d\u2019expiration des Cookies et d\u2019autres Traqueurs similaires peuvent varier en fonction de la dur\u00e9e de vie d\u00e9finie par le Propri\u00e9taire ou le fournisseur concern\u00e9. Certains expirent \u00e0 la fin de la session de navigation de l\u2019Utilisateur.<br \/>\nOutre ce qui est pr\u00e9cis\u00e9 dans les descriptions de chacune des cat\u00e9gories ci-dessous, les Utilisateurs peuvent trouver des informations plus pr\u00e9cises et actualis\u00e9es concernant la description sur la dur\u00e9e de vie ainsi que toute autre information utile \u2013 comme la pr\u00e9sence d\u2019autres Traqueurs \u2013 dans les politiques de confidentialit\u00e9 des fournisseurs tiers respectifs, mises en lien, ou en contactant le Propri\u00e9taire.<\/p>\n<h3 class=\"iub-purpose-stack iub-purpose-stack-1\">Activit\u00e9s strictement n\u00e9cessaires au fonctionnement de cette Application et \u00e0 la fourniture du Service<\/h3>\n<p>Cette Application utilise des Cookies dits \u00ab techniques \u00bb et d\u2019autres Traqueurs similaires pour mener des activit\u00e9s strictement n\u00e9cessaires au fonctionnement ou \u00e0 la fourniture du Service.<\/p>\n<h3 class=\"iub-subheading iub-subheading-other-purposes\">Autres activit\u00e9s impliquant l\u2019utilisation de Traqueurs<\/h3>\n<h4 class=\"iub-purpose-stack iub-purpose-stack-3\">Am\u00e9lioration de l\u2019exp\u00e9rience<\/h4>\n<p>Cette Application utilise des Traqueurs pour offrir une exp\u00e9rience utilisateur personnalis\u00e9e en am\u00e9liorant la qualit\u00e9 des options de gestion des pr\u00e9f\u00e9rences et en permettant les interactions avec les r\u00e9seaux et les plateformes externes.<\/p>\n<ul class=\"for_boxes\">\n<li>\n<div class=\"box_primary box_10 expand expanded\">\n<h3 class=\"expand-click w_icon_24 policyicon_purpose_8710001 iub-purpose iub-purpose-8710001\">Affichage de contenus \u00e0 partir de plateformes externes<\/h3>\n<div class=\"expand-content\">\n<p>Ce type de services vous permet de visualiser et d\u2019interagir avec le contenu h\u00e9berg\u00e9 sur des plateformes externes directement \u00e0 partir des pages de cette Application. Si un tel service est install\u00e9, il peut toujours collecter les donn\u00e9es relatives au trafic Web des pages, m\u00eame si l\u2019Utilisateur ne l\u2019utilise pas.<\/p>\n<h4 class=\"iub-service iub-service-7227665\">Widget vid\u00e9o YouTube (Google Ireland Limited)<\/h4>\n<div class=\"wrap\">\n<p>YouTube est un service de visualisation de contenus vid\u00e9o fourni par Google Ireland Limited, permettant \u00e0 cette Application d\u2019int\u00e9grer ce type de contenu sur ses pages.<\/p>\n<\/div>\n<p>Donn\u00e9es personnelles trait\u00e9es : Donn\u00e9es d&rsquo;utilisation et Traqueur.<\/p>\n<p>Lieu de traitement : Irlande \u2013 <a href=\"https:\/\/policies.google.com\/privacy\" target=\"_blank\" rel=\"noopener noreferrer\">Politique de confidentialit\u00e9<\/a>.<\/p>\n<p>Dur\u00e9e de stockage :<\/p>\n<ul>\n<li>PREF: 8 mois<\/li>\n<li>VISITOR_INFO1_LIVE: 8 mois<\/li>\n<li>YSC: dur\u00e9e de la session<\/li>\n<\/ul>\n<p>&nbsp;<\/p>\n<h4 class=\"iub-service iub-service-7227666\">Google Fonts (Google Ireland Limited)<\/h4>\n<div class=\"wrap\">\n<p>Google Fonts est un service de visualisation de polices de caract\u00e8res fourni par Google Ireland Limited qui permet \u00e0 cette Application d&rsquo;incorporer un contenu de cette nature sur ses pages.<\/p>\n<\/div>\n<p>Donn\u00e9es personnelles trait\u00e9es : Donn\u00e9es d&rsquo;utilisation et Traqueur.<\/p>\n<p>Lieu de traitement : Irlande \u2013 <a href=\"https:\/\/policies.google.com\/privacy\" target=\"_blank\" rel=\"noopener noreferrer\">Politique de confidentialit\u00e9<\/a>.<\/p>\n<\/div>\n<\/div>\n<\/li>\n<\/ul>\n<h4 class=\"iub-purpose-stack iub-purpose-stack-4\">Mesure<\/h4>\n<p>Cette Application utilise des Traqueurs pour mesurer le trafic et analyser le comportement de l\u2019Utilisateur dans le but d\u2019am\u00e9liorer le Service.<\/p>\n<ul class=\"for_boxes\">\n<li>\n<div class=\"box_primary box_10 expand expanded\">\n<h3 class=\"expand-click w_icon_24 policyicon_purpose_ iub-purpose iub-purpose-\">Services d\u2019analyse g\u00e9r\u00e9s directement par cette Application<\/h3>\n<div class=\"expand-content\">\n<p>Les services figurant dans cette partie permettent au Propri\u00e9taire d\u2019effectuer et de g\u00e9rer des analyses gr\u00e2ce \u00e0 l\u2019utilisation de Traqueurs de premi\u00e8re partie.<\/p>\n<h4 class=\"iub-service iub-service-8923219\">Matomo (cette Application)<\/h4>\n<div class=\"wrap\">\n<p>Matomo est un logiciel analytique utilis\u00e9 par cette Application pour analyser directement les donn\u00e9es sans passer par l&rsquo;entremise de tierces parties.<\/p>\n<\/div>\n<p>Donn\u00e9es personnelles trait\u00e9es : Donn\u00e9es d&rsquo;utilisation et Traqueurs.<\/p>\n<p>Dur\u00e9e de stockage :<\/p>\n<ul>\n<li>_pk_cvar*: 30 minutes<\/li>\n<li>_pk_hsr*: 30 minutes<\/li>\n<li>_pk_id*: 2 ans<\/li>\n<li>_pk_ref*: 7 mois<\/li>\n<li>_pk_ses*: 30 minutes<\/li>\n<li>_pk_testcookie*: dur\u00e9e de la session<\/li>\n<\/ul>\n<p>&nbsp;<\/p>\n<\/div>\n<\/div>\n<\/li>\n<\/ul>\n<h3 id=\"manage_cookies\" class=\"iub-subheading iub-subheading-manage-gdpr\">Comment g\u00e9rer les pr\u00e9f\u00e9rences et donner ou retirer son consentement<\/h3>\n<p>Il existe diff\u00e9rentes fa\u00e7ons de g\u00e9rer les pr\u00e9f\u00e9rences relatives aux Traqueurs et de donner et de retirer son consentement, le cas \u00e9ch\u00e9ant:<\/p>\n<p>Les Utilisateurs peuvent g\u00e9rer les pr\u00e9f\u00e9rences relatives aux Traqueurs directement dans les param\u00e8tres de leur propre appareil, par exemple en emp\u00eachant l\u2019utilisation ou le stockage des Traqueurs.<\/p>\n<p>De plus, chaque fois que l\u2019utilisation de Traqueurs repose sur le consentement, les Utilisateurs peuvent donner ou retirer ce consentement en d\u00e9finissant leurs pr\u00e9f\u00e9rences dans la notification de cookie, ou en mettant \u00e0 jour ces pr\u00e9f\u00e9rences en cons\u00e9quence \u00e0 l\u2019aide du widget appropri\u00e9 de pr\u00e9f\u00e9rences relatives au consentement, le cas \u00e9ch\u00e9ant.<\/p>\n<p>Il est \u00e9galement possible, par le biais du navigateur ou les fonctionnalit\u00e9s de l\u2019appareil, de supprimer les Traqueurs pr\u00e9c\u00e9demment stock\u00e9s, y compris ceux utilis\u00e9s pour se souvenir du consentement initial de l\u2019Utilisateur.<\/p>\n<p>Les autres Traqueurs dans la m\u00e9moire locale du navigateur peuvent \u00eatre effac\u00e9s en supprimant l\u2019historique de navigation.<\/p>\n<p>S\u2019agissant des Traqueurs tiers, les Utilisateurs peuvent g\u00e9rer les pr\u00e9f\u00e9rences et retirer leur consentement par le lien de retrait associ\u00e9 (le cas \u00e9ch\u00e9ant), \u00e0 l\u2019aide du moyen indiqu\u00e9 dans la politique de confidentialit\u00e9 de ce tiers ou en contactant celui-ci.<\/p>\n<h4>Acc\u00e8s aux param\u00e8tres pour les Traqueurs<\/h4>\n<p>Les Utilisateurs peuvent, par exemple, trouver des informations sur la fa\u00e7on de g\u00e9rer les Cookies dans les navigateurs les plus couramment utilis\u00e9s aux adresses suivantes :<\/p>\n<ul>\n<li><a href=\"https:\/\/support.google.com\/chrome\/answer\/95647?hl=fr&amp;p=cpn_cookies\" target=\"_blank\" rel=\"noopener nofollow\">Google Chrome<\/a><\/li>\n<li><a href=\"https:\/\/support.mozilla.org\/fr\/kb\/activer-desactiver-cookies\" target=\"_blank\" rel=\"noopener nofollow\">Mozilla Firefox<\/a><\/li>\n<li><a href=\"https:\/\/support.apple.com\/fr-fr\/guide\/safari\/manage-cookies-and-website-data-sfri11471\/\" target=\"_blank\" rel=\"noopener nofollow\">Apple Safari<\/a><\/li>\n<li><a href=\"http:\/\/windows.microsoft.com\/fr-fr\/windows-vista\/block-or-allow-cookies\" target=\"_blank\" rel=\"noopener nofollow\">Microsoft Internet Explorer<\/a><\/li>\n<li><a href=\"https:\/\/support.microsoft.com\/fr-fr\/help\/4027947\" target=\"_blank\" rel=\"noopener nofollow\">Microsoft Edge<\/a><\/li>\n<li><a href=\"https:\/\/support.brave.com\/hc\/articles\/360022806212-How-do-I-use-Shields-while-browsing\" target=\"_blank\" rel=\"noopener nofollow\">Brave<\/a><\/li>\n<li><a href=\"https:\/\/help.opera.com\/latest\/web-preferences\/#cookies\" target=\"_blank\" rel=\"noopener nofollow\">Opera<\/a><\/li>\n<\/ul>\n<p>Les Utilisateurs peuvent \u00e9galement g\u00e9rer certaines cat\u00e9gories de Traqueurs utilis\u00e9s sur les applications mobiles en d\u00e9sactivant les param\u00e8tres appropri\u00e9s de l\u2019appareil, tels que les param\u00e8tres publicitaires de l\u2019appareil pour les appareils mobiles ou les param\u00e8tres de suivi en g\u00e9n\u00e9ral (les Utilisateurs peuvent ouvrir les param\u00e8tres de l\u2019appareil et rechercher le param\u00e8tre appropri\u00e9).<\/p>\n<h4>Cons\u00e9quences du refus de consentement<\/h4>\n<p>Les utilisateurs sont libres de donner ou non leur consentement. Toutefois, il convient de noter que les Traqueurs permettent \u00e0 cette Application de fournir aux Utilisateurs une meilleure exp\u00e9rience et des fonctionnalit\u00e9s avanc\u00e9es (conform\u00e9ment aux finalit\u00e9s d\u00e9crites dans le pr\u00e9sent document). Par cons\u00e9quent, sans le consentement de l\u2019Utilisateur, il est possible que le Propri\u00e9taire ne soit pas en mesure de fournir les fonctionnalit\u00e9s connexes.<\/p>\n<h3 id=\"owner_of_the_data\" class=\"iub-subheading iub-subheading-owner-and-data-controller\">Propri\u00e9taire et Responsable du traitement<\/h3>\n<p>Association of Imathia\u2019s Agricultural Cooperatives &#8211; Praxitelous 33 &amp; Thessalonikis 60, Veria 59100<\/p>\n<p><strong>Courriel de contact du Propri\u00e9taire :<\/strong> info@asiac.gr<\/p>\n<p>\u00c9tant donn\u00e9 que l\u2019utilisation des Traqueurs par cette Application ne peut \u00eatre enti\u00e8rement contr\u00f4l\u00e9e par le Propri\u00e9taire, toute r\u00e9f\u00e9rence sp\u00e9cifique aux Traqueurs tiers n\u2019a qu\u2019une valeur indicative. Afin d\u2019obtenir des informations compl\u00e8tes, les Utilisateurs sont invit\u00e9s \u00e0 consulter les politiques de confidentialit\u00e9 des services tiers indiqu\u00e9s dans le pr\u00e9sent document.<\/p>\n<p>Compte tenu de la complexit\u00e9 objective des technologies de suivi, les Utilisateurs sont invit\u00e9s \u00e0 contacter le Propri\u00e9taire s\u2019ils souhaitent recevoir de plus amples informations sur l\u2019utilisation de ces technologies par cette Application.<\/p>\n<\/div>\n<div class=\"one_line_col\">\n<div class=\"box_primary box_10 definitions expand expanded\">\n<h3>D\u00e9finitions et r\u00e9f\u00e9rences l\u00e9gales<\/h3>\n<div class=\"expand-content\">\n<h4>Donn\u00e9es personnelles (ou Donn\u00e9es)<\/h4>\n<p>Toute information qui, directement, indirectement ou en relation avec d&rsquo;autres informations \u2013 y compris un num\u00e9ro d&rsquo;identification personnel \u2013 permet l&rsquo;identification ou l&rsquo;identifiabilit\u00e9 d&rsquo;une personne physique.<\/p>\n<h4>Donn\u00e9es d\u2019utilisation<\/h4>\n<p>Les informations collect\u00e9es automatiquement par cette Application (ou par des services tiers employ\u00e9s par cette Application), qui peuvent inclure les adresses IP ou les noms de domaines des ordinateurs utilis\u00e9s par les Utilisateurs qui utilisent cette Application, les adresses URI (Uniform Resource Identifier ou identifiant uniforme de ressource), l\u2019heure de la demande, la m\u00e9thode utilis\u00e9e pour soumettre la demande au serveur, la taille du fichier re\u00e7u en r\u00e9ponse, le code num\u00e9rique indiquant le statut de la r\u00e9ponse du serveur (r\u00e9sultat favorable, erreur, etc.), le pays d\u2019origine, les caract\u00e9ristiques du navigateur et du syst\u00e8me d\u2019exploitation utilis\u00e9s par l\u2019Utilisateur, les diff\u00e9rents d\u00e9tails relatifs au temps par visite (p. ex. temps pass\u00e9 sur chaque page dans l\u2019Application) et les d\u00e9tails relatifs au chemin suivi dans l\u2019Application avec une r\u00e9f\u00e9rence sp\u00e9ciale \u00e0 la s\u00e9quence des pages visit\u00e9es, et d\u2019autres param\u00e8tres concernant le syst\u00e8me d\u2019exploitation ou l\u2019environnement informatique de l\u2019Utilisateur.<\/p>\n<h4>Utilisateur<\/h4>\n<p>La personne utilisant cette Application qui, sauf indication contraire, correspond \u00e0 la Personne concern\u00e9e.<\/p>\n<h4>Personne concern\u00e9e<\/h4>\n<p>La personne physique \u00e0 laquelle les Donn\u00e9es personnelles font r\u00e9f\u00e9rence.<\/p>\n<h4>Sous-traitant (ou Responsable des donn\u00e9es)<\/h4>\n<p>La personne physique ou morale, l&rsquo;autorit\u00e9 publique, l&rsquo;institution ou tout autre organisme qui traite les Donn\u00e9es personnelles pour le compte du Responsable du traitement, tel que d\u00e9crit dans la pr\u00e9sente politique de confidentialit\u00e9.<\/p>\n<h4>Responsable du traitement (ou Propri\u00e9taire)<\/h4>\n<p>La personne physique ou morale, l\u2019autorit\u00e9 publique, l&rsquo;institution ou toute autre organisme qui, seul ou conjointement avec d\u2019autres, d\u00e9termine les finalit\u00e9s et les moyens du traitement de Donn\u00e9es personnelles, y compris les mesures de s\u00e9curit\u00e9 concernant le fonctionnement et l&rsquo;utilisation de cette Application. Sauf mention contraire, le Responsable du traitement est le Propri\u00e9taire de cette Application.<\/p>\n<h4>Cette Application<\/h4>\n<p>Les moyens par lesquels les Donn\u00e9es personnelles de l&rsquo;Utilisateur sont collect\u00e9es et trait\u00e9es.<\/p>\n<h4>Service<\/h4>\n<p>Le service fourni par cette Application comme d\u00e9crit dans les conditions s&rsquo;y rapportant (le cas \u00e9ch\u00e9ant) et sur ce site\/cette application.<\/p>\n<h4>Union europ\u00e9enne (ou UE)<\/h4>\n<p>Sauf indication contraire, toutes les r\u00e9f\u00e9rences faites dans le pr\u00e9sent document \u00e0 l&rsquo;Union europ\u00e9enne incluent tous les \u00c9tats membres actuels de l&rsquo;Union europ\u00e9enne et de l&rsquo;Espace \u00e9conomique europ\u00e9en.<\/p>\n<h4>Cookie<\/h4>\n<p>Les Cookies sont des Traqueurs constitu\u00e9s de petits ensembles de donn\u00e9es stock\u00e9s dans le navigateur de l\u2019Utilisateur.<\/p>\n<h4>Traqueurs<\/h4>\n<p>Un Traqueur indique toute technologie \u2013 par exemple, les Cookies, les identifiants uniques, les balises Web, les scripts int\u00e9gr\u00e9s, les balises \u00e9lectroniques et les empreintes digitales \u2013 permettant de suivre les Utilisateurs, par exemple en acc\u00e9dant \u00e0 des informations ou en les stockant sur l\u2019appareil de l\u2019Utilisateur.<\/p>\n<hr \/>\n<h4>Informations l\u00e9gales<\/h4>\n<p>La pr\u00e9sente politique de confidentialit\u00e9 a \u00e9t\u00e9 pr\u00e9par\u00e9e en ex\u00e9cution des dispositions de plusieurs l\u00e9gislations, notamment de l&rsquo;article 13\/14 du r\u00e8glement europ\u00e9en 2016\/679 (r\u00e8glement g\u00e9n\u00e9ral sur la protection des donn\u00e9es).<\/p>\n<p>Cette politique de confidentialit\u00e9 concerne uniquement cette Application, sauf indication contraire dans le pr\u00e9sent document.<\/p>\n<\/div>\n<\/div>\n<\/div>\n<div class=\"iub_footer\">\n<p>Derni\u00e8re mise \u00e0 jour : 20 f\u00e9vrier 2023<\/p>\n<\/div>\n<\/div>\n<\/div>\n<\/div>\n<\/div>\n<\/div><\/div><\/div><\/div><\/section>\n<\/div>","protected":false},"excerpt":{"rendered":"Politique relative aux cookies de www.europeanauthentictaste.eu Le pr\u00e9sent document informe les Utilisateurs des technologies permettant \u00e0 cette Application d\u2019atteindre les finalit\u00e9s d\u00e9crites ci-dessous. Ces technologies permettent au Propri\u00e9taire d\u2019acc\u00e9der \u00e0 des informations et de les stocker (\u00e0 l\u2019aide d\u2019un Cookie, par exemple) ou d\u2019utiliser des ressources (en ex\u00e9cutant un script, par exemple) sur l\u2019appareil d\u2019un Utilisateur lorsque celui-ci interagit avec cette Application. Par souci de simplification, toutes ces technologies sont d\u00e9finies comme \u00e9tant des \u00ab Traqueurs \u00bb dans le pr\u00e9sent document, \u00e0 moins qu\u2019il n\u2019existe une raison de les diff\u00e9rencier. Par exemple, bien que les Cookies puissent \u00eatre utilis\u00e9s \u00e0 la fois sur les navigateurs Internet et mobiles, il serait inexact de parler de Cookies dans le contexte des applications mobiles car ce sont des traqueurs bas\u00e9s sur un navigateur. C\u2019est pourquoi, dans ce document, le terme Cookies n\u2019est utilis\u00e9 que lorsqu\u2019il est sp\u00e9cifiquement destin\u00e9 \u00e0 indiquer ce type sp\u00e9cifique de Traqueur. Certaines des finalit\u00e9s pour lesquelles les Traqueurs sont utilis\u00e9s peuvent n\u00e9cessiter le consentement de l\u2019Utilisateur. Lorsque le consentement est donn\u00e9, il peut \u00eatre librement retir\u00e9 \u00e0 tout moment en suivant les instructions fournies dans le pr\u00e9sent document. Cette Application utilise des Traqueurs g\u00e9r\u00e9s directement par le Propri\u00e9taire (les...","protected":false},"author":1,"featured_media":0,"parent":0,"menu_order":0,"comment_status":"closed","ping_status":"closed","template":"","meta":{"footnotes":""},"_links":{"self":[{"href":"https:\/\/www.europeanauthentictaste.eu\/fr\/wp-json\/wp\/v2\/pages\/24470"}],"collection":[{"href":"https:\/\/www.europeanauthentictaste.eu\/fr\/wp-json\/wp\/v2\/pages"}],"about":[{"href":"https:\/\/www.europeanauthentictaste.eu\/fr\/wp-json\/wp\/v2\/types\/page"}],"author":[{"embeddable":true,"href":"https:\/\/www.europeanauthentictaste.eu\/fr\/wp-json\/wp\/v2\/users\/1"}],"replies":[{"embeddable":true,"href":"https:\/\/www.europeanauthentictaste.eu\/fr\/wp-json\/wp\/v2\/comments?post=24470"}],"version-history":[{"count":6,"href":"https:\/\/www.europeanauthentictaste.eu\/fr\/wp-json\/wp\/v2\/pages\/24470\/revisions"}],"predecessor-version":[{"id":26175,"href":"https:\/\/www.europeanauthentictaste.eu\/fr\/wp-json\/wp\/v2\/pages\/24470\/revisions\/26175"}],"wp:attachment":[{"href":"https:\/\/www.europeanauthentictaste.eu\/fr\/wp-json\/wp\/v2\/media?parent=24470"}],"curies":[{"name":"wp","href":"https:\/\/api.w.org\/{rel}","templated":true}]}}