{"id":24279,"date":"2021-08-06T21:43:21","date_gmt":"2021-08-06T19:43:21","guid":{"rendered":"https:\/\/www.europeanauthentictaste.eu\/letseat\/brand-ambassadors\/"},"modified":"2021-12-03T15:48:46","modified_gmt":"2021-12-03T14:48:46","slug":"brand-ambassadors","status":"publish","type":"page","link":"https:\/\/www.europeanauthentictaste.eu\/fr\/brand-ambassadors\/","title":{"rendered":"BRAND AMBASSADORS"},"content":{"rendered":"<div class=\"wpb-content-wrapper\"><section data-vc-full-width=\"true\" data-vc-full-width-init=\"false\" class=\"vc_row wpb_row vc_row-fluid   pofo-stretch-content pofo-stretch-row-container pofo-row-responsive-680ff3e944e7e\"><div class=\"wpb_column vc_column_container vc_col-sm-12  col-xs-mobile-fullwidth pofo-column-responsive-680ff3e944f83\"><div class=\"vc_column-inner \"><div class=\"wpb_wrapper\"><div class=\"text-justify last-paragraph-no-margin\"><p style=\"font-size: 20px !important; line-height: 26px;\">La campagne implique <strong>4 ambassadeurs de la marque<\/strong> dont l&rsquo;image sera un \u00e9l\u00e9ment cl\u00e9 pour aborder les <strong>valeurs des produits europ\u00e9ens<\/strong>. Ils viennent de domaines diff\u00e9rents\u00a0: il y a un <strong>Influenceur de style de vie<\/strong> (<u>Tanya Gervasi<\/u>), un <strong>Chef des c\u00e9l\u00e9brit\u00e9s<\/strong> (<u>Carlo Cracco<\/u>), et deux <strong>Champions sportifs<\/strong> (<u>Paola Fraschini<\/u> et <u>Matteo Eydallin<\/u>) et tous ont en commun de s&rsquo;\u00eatre distingu\u00e9s par <strong>leurs m\u00e9rites <\/strong>pour <strong>leur histoire personnelle.<\/strong> Ils incarnent les <strong>valeurs de qualit\u00e9 sup\u00e9rieure, d&rsquo;authenticit\u00e9, de valeur \u00e9lev\u00e9e, d&rsquo;attitude positive, de style de vie actif et dynamique<\/strong>.<\/p>\n<\/div><\/div><\/div><\/div><\/section><div class=\"vc_row-full-width vc_clearfix\"><\/div><section data-vc-full-width=\"true\" data-vc-full-width-init=\"false\" data-vc-stretch-content=\"true\" data-parallax-background-ratio=\"0.5\" class=\"vc_row wpb_row vc_row-fluid  vc_custom_1631806443216 vc_row-has-fill pofo-stretch-content vc_row-no-padding vc_row-o-content-bottom vc_row-flex parallax pofo-row-responsive-680ff3e945119\" style=\"min-height: 700px;\"><div class=\"wpb_column vc_column_container vc_col-sm-12  col-xs-mobile-fullwidth pofo-column-responsive-680ff3e9451df\"><div class=\"vc_column-inner vc_custom_1507005327125\"><div class=\"wpb_wrapper\"><div class=\"last-paragraph-no-margin\"><p><span class=\"alt-font text-uppercase font-weight-600 text-black letter-spacing-1 margin-25px-bottom xs-no-margin-bottom display-block xs-display-table parallax-category-text\">Chef et Personnalit\u00e9 de la T\u00e9l\u00e9vision<\/span><\/p>\n<\/div><div class=\"last-paragraph-no-margin\"><h3><a class=\"text-uppercase alt-font text-extra-dark-gray bg-white parallax-title no-margin-bottom\" href=\"https:\/\/www.europeanauthentictaste.eu\/fr\/brand-ambassadors\/cracco-carlo\/\">Carlo Cracco<\/a><\/h3>\n<\/div><a  href=\"https:\/\/www.europeanauthentictaste.eu\/fr\/brand-ambassadors\/cracco-carlo\/\" target=\"_self\" class=\"btn pofo-button-1 button-style1  btn-dark-gray  btn-small   vc_custom_1633100983288\"  style=\"border-color:#000000; \">D\u00e9couvrez cet Ambassadeur<\/a><\/div><\/div><\/div><\/section><div class=\"vc_row-full-width vc_clearfix\"><\/div><section data-vc-full-width=\"true\" data-vc-full-width-init=\"false\" data-vc-stretch-content=\"true\" data-parallax-background-ratio=\"0.5\" class=\"vc_row wpb_row vc_row-fluid  vc_custom_1631806421588 vc_row-has-fill pofo-stretch-content vc_row-no-padding vc_row-o-content-bottom vc_row-flex parallax pofo-row-responsive-680ff3e9454d3\" style=\"min-height: 700px;\"><div class=\"wpb_column vc_column_container vc_col-sm-12  col-xs-mobile-fullwidth pofo-column-responsive-680ff3e945574\"><div class=\"vc_column-inner vc_custom_1508301703014\"><div class=\"wpb_wrapper\"><div class=\"last-paragraph-no-margin\"><p><span class=\"alt-font text-uppercase font-weight-600 text-white letter-spacing-1 margin-25px-bottom xs-no-margin-bottom display-block xs-display-table parallax-category-text\">Patineur<\/span><\/p>\n<\/div><div class=\"last-paragraph-no-margin\"><h3><a class=\"text-uppercase alt-font text-extra-dark-gray bg-white parallax-title no-margin-bottom\" href=\"https:\/\/www.europeanauthentictaste.eu\/fr\/brand-ambassadors\/fraschini-paola\/\">Paola Fraschini<\/a><\/h3>\n<\/div><a  href=\"https:\/\/www.europeanauthentictaste.eu\/fr\/brand-ambassadors\/fraschini-paola\/\" target=\"_self\" class=\"btn pofo-button-2 button-style1  btn-dark-gray  btn-small   vc_custom_1633101008745\"  style=\"border-color:#000000; \">D\u00e9couvrez cet Ambassadeur<\/a><\/div><\/div><\/div><\/section><div class=\"vc_row-full-width vc_clearfix\"><\/div><section data-vc-full-width=\"true\" data-vc-full-width-init=\"false\" data-vc-stretch-content=\"true\" data-parallax-background-ratio=\"0.5\" class=\"vc_row wpb_row vc_row-fluid  vc_custom_1631806357112 vc_row-has-fill pofo-stretch-content vc_row-no-padding vc_row-o-content-bottom vc_row-flex parallax pofo-row-responsive-680ff3e9457bc\" style=\"min-height: 700px;\"><div class=\"wpb_column vc_column_container vc_col-sm-12  col-xs-mobile-fullwidth pofo-column-responsive-680ff3e945858\"><div class=\"vc_column-inner vc_custom_1507010124687\"><div class=\"wpb_wrapper\"><div class=\"last-paragraph-no-margin\"><p><span class=\"alt-font text-uppercase font-weight-600 text-black letter-spacing-1 margin-25px-bottom xs-no-margin-bottom display-block xs-display-table parallax-category-text\">Skieur alpiniste<\/span><\/p>\n<\/div><div class=\"last-paragraph-no-margin\"><h3><a class=\"text-uppercase alt-font text-extra-dark-gray bg-white parallax-title no-margin-bottom\" href=\"https:\/\/www.europeanauthentictaste.eu\/fr\/brand-ambassadors\/eydallin-matteo\/\">Matteo Eydallin<\/a><\/h3>\n<\/div><a  href=\"https:\/\/www.europeanauthentictaste.eu\/fr\/brand-ambassadors\/eydallin-matteo\/\" target=\"_self\" class=\"btn pofo-button-3 button-style1  btn-dark-gray  btn-small   vc_custom_1638542933765\"  style=\"border-color:#000000; \">D\u00e9couvrez cet Ambassadeur<\/a><\/div><\/div><\/div><\/section><div class=\"vc_row-full-width vc_clearfix\"><\/div><section data-vc-full-width=\"true\" data-vc-full-width-init=\"false\" data-vc-stretch-content=\"true\" data-parallax-background-ratio=\"0.5\" class=\"vc_row wpb_row vc_row-fluid  vc_custom_1631806399650 vc_row-has-fill pofo-stretch-content vc_row-no-padding vc_row-o-content-bottom vc_row-flex parallax pofo-row-responsive-680ff3e945a7d\" style=\"min-height: 700px;\"><div class=\"wpb_column vc_column_container vc_col-sm-12  col-xs-mobile-fullwidth pofo-column-responsive-680ff3e945b24\"><div class=\"vc_column-inner vc_custom_1507010129365\"><div class=\"wpb_wrapper\"><div class=\"last-paragraph-no-margin\"><p><span class=\"alt-font text-uppercase font-weight-600 text-white letter-spacing-1 margin-25px-bottom xs-no-margin-bottom display-block xs-display-table parallax-category-text\">Chef Personnel, Nounou, Coach et Mannequin<\/span><\/p>\n<\/div><div class=\"last-paragraph-no-margin\"><h3><a class=\"text-uppercase alt-font text-extra-dark-gray bg-white parallax-title no-margin-bottom\" href=\"https:\/\/www.europeanauthentictaste.eu\/fr\/brand-ambassadors\/gervasi-tanya\/\">Tanya Gervasi<\/a><\/h3>\n<\/div><a  href=\"https:\/\/www.europeanauthentictaste.eu\/fr\/brand-ambassadors\/gervasi-tanya\/\" target=\"_self\" class=\"btn pofo-button-4 button-style1  btn-dark-gray  btn-small   vc_custom_1633101053029\"  style=\"border-color:#000000; \">D\u00e9couvrez cet Ambassadeur<\/a><\/div><\/div><\/div><\/section><div class=\"vc_row-full-width vc_clearfix\"><\/div>\n<\/div>","protected":false},"excerpt":{"rendered":"La campagne implique 4 ambassadeurs de la marque dont l'image sera un \u00e9l\u00e9ment cl\u00e9 pour aborder les valeurs des produits europ\u00e9ens. Ils viennent de domaines diff\u00e9rents\u00a0: il y a un Influenceur de style de vie (Tanya Gervasi), un Chef des c\u00e9l\u00e9brit\u00e9s (Carlo Cracco), et deux Champions sportifs (Paola Fraschini et Matteo Eydallin) et tous ont en commun de s'\u00eatre distingu\u00e9s par leurs m\u00e9rites pour leur histoire personnelle. Ils incarnent les valeurs de qualit\u00e9 sup\u00e9rieure, d'authenticit\u00e9, de valeur \u00e9lev\u00e9e, d'attitude positive, de style de vie actif et dynamique. Chef et Personnalit\u00e9 de la T\u00e9l\u00e9vision Carlo Cracco D\u00e9couvrez cet AmbassadeurPatineur Paola Fraschini D\u00e9couvrez cet AmbassadeurSkieur alpiniste Matteo Eydallin D\u00e9couvrez cet AmbassadeurChef Personnel, Nounou, Coach et Mannequin Tanya Gervasi D\u00e9couvrez cet Ambassadeur","protected":false},"author":1,"featured_media":0,"parent":0,"menu_order":0,"comment_status":"closed","ping_status":"closed","template":"","meta":{"footnotes":""},"_links":{"self":[{"href":"https:\/\/www.europeanauthentictaste.eu\/fr\/wp-json\/wp\/v2\/pages\/24279"}],"collection":[{"href":"https:\/\/www.europeanauthentictaste.eu\/fr\/wp-json\/wp\/v2\/pages"}],"about":[{"href":"https:\/\/www.europeanauthentictaste.eu\/fr\/wp-json\/wp\/v2\/types\/page"}],"author":[{"embeddable":true,"href":"https:\/\/www.europeanauthentictaste.eu\/fr\/wp-json\/wp\/v2\/users\/1"}],"replies":[{"embeddable":true,"href":"https:\/\/www.europeanauthentictaste.eu\/fr\/wp-json\/wp\/v2\/comments?post=24279"}],"version-history":[{"count":6,"href":"https:\/\/www.europeanauthentictaste.eu\/fr\/wp-json\/wp\/v2\/pages\/24279\/revisions"}],"predecessor-version":[{"id":25189,"href":"https:\/\/www.europeanauthentictaste.eu\/fr\/wp-json\/wp\/v2\/pages\/24279\/revisions\/25189"}],"wp:attachment":[{"href":"https:\/\/www.europeanauthentictaste.eu\/fr\/wp-json\/wp\/v2\/media?parent=24279"}],"curies":[{"name":"wp","href":"https:\/\/api.w.org\/{rel}","templated":true}]}}