{"id":24047,"date":"2021-08-05T08:54:57","date_gmt":"2021-08-05T06:54:57","guid":{"rendered":"https:\/\/www.europeanauthentictaste.eu\/letseat\/campaign\/"},"modified":"2021-11-13T01:16:17","modified_gmt":"2021-11-13T00:16:17","slug":"campagne","status":"publish","type":"page","link":"https:\/\/www.europeanauthentictaste.eu\/fr\/campagne\/","title":{"rendered":"CAMPAGNE"},"content":{"rendered":"<div class=\"wpb-content-wrapper\"><section data-vc-full-width=\"true\" data-vc-full-width-init=\"false\" data-vc-stretch-content=\"true\" class=\"vc_row wpb_row vc_row-fluid  vc_custom_1507098851778 wow fadeIn pofo-stretch-content vc_row-no-padding\"><div class=\"wpb_column vc_column_container vc_col-sm-12  col-xs-mobile-fullwidth\"><div class=\"vc_column-inner \"><div class=\"wpb_wrapper\">[rev_slider_vc alias=\u00a0\u00bbcampaign-it-titolo-pagina-1&Prime;]<\/div><\/div><\/div><\/section><div class=\"vc_row-full-width vc_clearfix\"><\/div><section class=\"vc_row wpb_row vc_row-fluid\"><div class=\"wpb_column vc_column_container vc_col-sm-12  col-xs-mobile-fullwidth\"><div class=\"vc_column-inner \"><div class=\"wpb_wrapper\"><h5 class=\"text-extra-dark-gray margin-20px-bottom font-weight-600 text-uppercase display-inline-block alt-font heading-style2  vc_custom_1633103278414  heading-1\"  style=\"font-weight: 700;\">CAMPAGNE<\/h5><div class=\"text-justify last-paragraph-no-margin\"><p>Le \u00ab\u00a0<strong>LET&rsquo;S EAT &#8211; Le go\u00fbt authentique europ\u00e9en<\/strong>\u00a0\u00bb vise \u00e0 am\u00e9liorer le niveau de connaissance des m\u00e9rites des produits agroalimentaires de l&rsquo;Union et \u00e0 accro\u00eetre leur comp\u00e9titivit\u00e9 et leur consommation, dans trois pays cibles choisis\u00a0: <strong>Italie, France et Belgique. <\/strong><\/p>\n<p>Les produits t\u00e9moins de la campagne incarnent et mettent parfaitement en valeur les <strong>sp\u00e9cificit\u00e9s des m\u00e9thodes de production agricole de l&rsquo;UE<\/strong> agroalimentaires, et leur combinaison met encore plus en valeur les <strong>qualit\u00e9s et le caract\u00e8re unique des productions europ\u00e9ennes<\/strong>.<\/p>\n<p>Le projet est promu par , l&rsquo;Association des Coop\u00e9ratives agricoles d&rsquo;Imathia de Gr\u00e8ce, qui est le coordinateur de l&rsquo;action, et l\u2019Istituto Valorizzazione Salumi Italiani &#8211; IVSI, d&rsquo;Italie.<\/p>\n<p>La campagne s&rsquo;adresse directement aux <strong>consommateurs, aux m\u00e9dias et aux professionnels de HoReCa<\/strong> pour promouvoir un <strong>changement culturel<\/strong> vers la <strong>charcuterie<\/strong> et <strong>augmenter la consommation de fruits et l\u00e9gumes<\/strong> dans le cadre d&rsquo;habitudes alimentaires correctes et \u00e9quilibr\u00e9es, une priorit\u00e9 pour l&rsquo;Union europ\u00e9enne.<\/p>\n<p>Les produits sont pr\u00e9sent\u00e9s et promus en dehors de leur contexte de consommation classique\u00a0: ils seront m\u00e9lang\u00e9s pour produire une <strong>nouvelle id\u00e9e, fra\u00eeche et glamour, d&rsquo;une pause \u00e9nerg\u00e9tique de qualit\u00e9 <\/strong>avec un go\u00fbt europ\u00e9en authentique.<\/p>\n<p>Le projet a une dur\u00e9e de trois ans (2021-2024), et b\u00e9n\u00e9ficie d&rsquo;un <strong>cofinancement par la Commission europ\u00e9enne<\/strong> au titre du r\u00e8glement (UE) 1144\/2014 (<em>Actions d&rsquo;information et de promotion concernant les produits agricoles sur le march\u00e9 int\u00e9rieur<\/em>).<\/p>\n<\/div><\/div><\/div><\/div><\/section>\n<\/div>","protected":false},"excerpt":{"rendered":"[rev_slider_vc alias=\"campaign-it-titolo-pagina-1\"]CAMPAGNELe \u00ab\u00a0LET'S EAT - Le go\u00fbt authentique europ\u00e9en\u00a0\u00bb vise \u00e0 am\u00e9liorer le niveau de connaissance des m\u00e9rites des produits agroalimentaires de l'Union et \u00e0 accro\u00eetre leur comp\u00e9titivit\u00e9 et leur consommation, dans trois pays cibles choisis\u00a0: Italie, France et Belgique. Les produits t\u00e9moins de la campagne incarnent et mettent parfaitement en valeur les sp\u00e9cificit\u00e9s des m\u00e9thodes de production agricole de l'UE agroalimentaires, et leur combinaison met encore plus en valeur les qualit\u00e9s et le caract\u00e8re unique des productions europ\u00e9ennes. Le projet est promu par , l'Association des Coop\u00e9ratives agricoles d'Imathia de Gr\u00e8ce, qui est le coordinateur de l'action, et l\u2019Istituto Valorizzazione Salumi Italiani - IVSI, d'Italie. La campagne s'adresse directement aux consommateurs, aux m\u00e9dias et aux professionnels de HoReCa pour promouvoir un changement culturel vers la charcuterie et augmenter la consommation de fruits et l\u00e9gumes dans le cadre d'habitudes alimentaires correctes et \u00e9quilibr\u00e9es, une priorit\u00e9 pour l'Union europ\u00e9enne. Les produits sont pr\u00e9sent\u00e9s et promus en dehors de leur contexte de consommation classique\u00a0: ils seront m\u00e9lang\u00e9s pour produire une nouvelle id\u00e9e, fra\u00eeche et glamour, d'une pause \u00e9nerg\u00e9tique de qualit\u00e9 avec un go\u00fbt europ\u00e9en authentique. Le projet a une dur\u00e9e de trois ans (2021-2024), et b\u00e9n\u00e9ficie d'un cofinancement par la Commission europ\u00e9enne...","protected":false},"author":1,"featured_media":0,"parent":0,"menu_order":0,"comment_status":"closed","ping_status":"closed","template":"","meta":{"footnotes":""},"_links":{"self":[{"href":"https:\/\/www.europeanauthentictaste.eu\/fr\/wp-json\/wp\/v2\/pages\/24047"}],"collection":[{"href":"https:\/\/www.europeanauthentictaste.eu\/fr\/wp-json\/wp\/v2\/pages"}],"about":[{"href":"https:\/\/www.europeanauthentictaste.eu\/fr\/wp-json\/wp\/v2\/types\/page"}],"author":[{"embeddable":true,"href":"https:\/\/www.europeanauthentictaste.eu\/fr\/wp-json\/wp\/v2\/users\/1"}],"replies":[{"embeddable":true,"href":"https:\/\/www.europeanauthentictaste.eu\/fr\/wp-json\/wp\/v2\/comments?post=24047"}],"version-history":[{"count":5,"href":"https:\/\/www.europeanauthentictaste.eu\/fr\/wp-json\/wp\/v2\/pages\/24047\/revisions"}],"predecessor-version":[{"id":24721,"href":"https:\/\/www.europeanauthentictaste.eu\/fr\/wp-json\/wp\/v2\/pages\/24047\/revisions\/24721"}],"wp:attachment":[{"href":"https:\/\/www.europeanauthentictaste.eu\/fr\/wp-json\/wp\/v2\/media?parent=24047"}],"curies":[{"name":"wp","href":"https:\/\/api.w.org\/{rel}","templated":true}]}}